{"id":21,"date":"2015-10-27T14:04:49","date_gmt":"2015-10-27T14:04:49","guid":{"rendered":"http:\/\/themes.muffingroup.com\/be\/farmer\/?page_id=21"},"modified":"2022-01-31T19:58:51","modified_gmt":"2022-01-31T18:58:51","slug":"premios","status":"publish","type":"page","link":"https:\/\/www.aceitenovecientos.com\/en\/premios\/","title":{"rendered":"Premios"},"content":{"rendered":"<div class=\"vc_row wpb_row vc_row-fluid\"><div class=\"wpb_column vc_column_container vc_col-sm-12\"><div class=\"vc_column-inner\"><div class=\"wpb_wrapper\"><div class=\"vc_tta-container\" data-vc-action=\"collapse\"><div class=\"vc_general vc_tta vc_tta-accordion vc_tta-color-grey vc_tta-style-classic vc_tta-shape-rounded vc_tta-o-shape-group vc_tta-controls-align-left\"><div class=\"vc_tta-panels-container\"><div class=\"vc_tta-panels\"><div class=\"vc_tta-panel vc_active\" id=\"1441873920568-18a8a48a-7614\" data-vc-content=\".vc_tta-panel-body\"><div class=\"vc_tta-panel-heading\"><h4 class=\"vc_tta-panel-title vc_tta-controls-icon-position-left\"><a href=\"#1441873920568-18a8a48a-7614\" data-vc-accordion data-vc-container=\".vc_tta-container\"><span class=\"vc_tta-title-text\">New York International Olive Oil Competition<\/span><i class=\"vc_tta-controls-icon vc_tta-controls-icon-plus\"><\/i><\/a><\/h4><\/div><div class=\"vc_tta-panel-body\"><div class=\"vc_row wpb_row vc_inner vc_row-fluid\"><div class=\"wpb_column vc_column_container vc_col-sm-3\"><div class=\"vc_column-inner\"><div class=\"wpb_wrapper\">\n\t<div class=\"wpb_single_image wpb_content_element vc_align_left\">\n\t\t\n\t\t<figure class=\"wpb_wrapper vc_figure\">\n\t\t\t<div class=\"vc_single_image-wrapper vc_box_rounded  vc_box_border_grey\"><img loading=\"lazy\" decoding=\"async\" width=\"150\" height=\"150\" src=\"https:\/\/www.aceitenovecientos.com\/wp-content\/uploads\/2015\/10\/premio-new-york-logo.png\" class=\"vc_single_image-img attachment-thumbnail\" alt=\"Premio Nueva York a 900 TOP por su calidad\" srcset=\"https:\/\/www.aceitenovecientos.com\/wp-content\/uploads\/2015\/10\/premio-new-york-logo.png 150w, https:\/\/www.aceitenovecientos.com\/wp-content\/uploads\/2015\/10\/premio-new-york-logo-100x100.png 100w, https:\/\/www.aceitenovecientos.com\/wp-content\/uploads\/2015\/10\/premio-new-york-logo-146x146.png 146w, https:\/\/www.aceitenovecientos.com\/wp-content\/uploads\/2015\/10\/premio-new-york-logo-50x50.png 50w, https:\/\/www.aceitenovecientos.com\/wp-content\/uploads\/2015\/10\/premio-new-york-logo-75x75.png 75w, https:\/\/www.aceitenovecientos.com\/wp-content\/uploads\/2015\/10\/premio-new-york-logo-85x85.png 85w, https:\/\/www.aceitenovecientos.com\/wp-content\/uploads\/2015\/10\/premio-new-york-logo-80x80.png 80w\" sizes=\"auto, (max-width: 150px) 100vw, 150px\" \/><\/div>\n\t\t<\/figure>\n\t<\/div>\n<\/div><\/div><\/div><div class=\"wpb_column vc_column_container vc_col-sm-9\"><div class=\"vc_column-inner\"><div class=\"wpb_wrapper\"><h2 style=\"text-align: left;font-family:Montserrat;font-weight:400;font-style:normal\" class=\"vc_custom_heading\">New York 2013<\/h2>\n\t<div class=\"wpb_text_column wpb_content_element\">\n\t\t<div class=\"wpb_wrapper\">\n\t\t\t<p>Our <b>extra virgin olive oil 900 TOP <\/b>was awarded a gold medal at the New York International Olive Oil competition, with a mark of 9.5, the fourth highest given in the competition and the highest given to a Spanish olive oil. This prize reinforced the international strategy of our company in external markets, driving our status as an outstanding olive oil producer, above all in the United States of America.<\/p>\n\n\t\t<\/div>\n\t<\/div>\n<\/div><\/div><\/div><\/div><div class=\"vc_row wpb_row vc_inner vc_row-fluid\"><div class=\"wpb_column vc_column_container vc_col-sm-3\"><div class=\"vc_column-inner\"><div class=\"wpb_wrapper\">\n\t<div class=\"wpb_single_image wpb_content_element vc_align_left\">\n\t\t\n\t\t<figure class=\"wpb_wrapper vc_figure\">\n\t\t\t<div class=\"vc_single_image-wrapper vc_box_rounded  vc_box_border_grey\"><img loading=\"lazy\" decoding=\"async\" width=\"150\" height=\"150\" src=\"https:\/\/www.aceitenovecientos.com\/wp-content\/uploads\/2015\/10\/premio-new-york-logo.png\" class=\"vc_single_image-img attachment-thumbnail\" alt=\"Premio Nueva York a 900 TOP por su calidad\" srcset=\"https:\/\/www.aceitenovecientos.com\/wp-content\/uploads\/2015\/10\/premio-new-york-logo.png 150w, https:\/\/www.aceitenovecientos.com\/wp-content\/uploads\/2015\/10\/premio-new-york-logo-100x100.png 100w, https:\/\/www.aceitenovecientos.com\/wp-content\/uploads\/2015\/10\/premio-new-york-logo-146x146.png 146w, https:\/\/www.aceitenovecientos.com\/wp-content\/uploads\/2015\/10\/premio-new-york-logo-50x50.png 50w, https:\/\/www.aceitenovecientos.com\/wp-content\/uploads\/2015\/10\/premio-new-york-logo-75x75.png 75w, https:\/\/www.aceitenovecientos.com\/wp-content\/uploads\/2015\/10\/premio-new-york-logo-85x85.png 85w, https:\/\/www.aceitenovecientos.com\/wp-content\/uploads\/2015\/10\/premio-new-york-logo-80x80.png 80w\" sizes=\"auto, (max-width: 150px) 100vw, 150px\" \/><\/div>\n\t\t<\/figure>\n\t<\/div>\n<\/div><\/div><\/div><div class=\"wpb_column vc_column_container vc_col-sm-9\"><div class=\"vc_column-inner\"><div class=\"wpb_wrapper\"><h2 style=\"text-align: left;font-family:Montserrat;font-weight:400;font-style:normal\" class=\"vc_custom_heading\">New York 2015<\/h2>\n\t<div class=\"wpb_text_column wpb_content_element\">\n\t\t<div class=\"wpb_wrapper\">\n\t\t\t<p>In order to consolidate <b>extra virgin olive oil 900 TOP <\/b>position as one of the best olive oils on the market, in 2015 we again entered the prestigious, globally recognised New York International Olive Oil competition. The result was our second gold medal.<\/p>\n\n\t\t<\/div>\n\t<\/div>\n<\/div><\/div><\/div><\/div><\/div><\/div><div class=\"vc_tta-panel\" id=\"1441873920660-a173daba-0456\" data-vc-content=\".vc_tta-panel-body\"><div class=\"vc_tta-panel-heading\"><h4 class=\"vc_tta-panel-title vc_tta-controls-icon-position-left\"><a href=\"#1441873920660-a173daba-0456\" data-vc-accordion data-vc-container=\".vc_tta-container\"><span class=\"vc_tta-title-text\">Great Taste Award<\/span><i class=\"vc_tta-controls-icon vc_tta-controls-icon-plus\"><\/i><\/a><\/h4><\/div><div class=\"vc_tta-panel-body\"><div class=\"vc_row wpb_row vc_inner vc_row-fluid\"><div class=\"wpb_column vc_column_container vc_col-sm-3\"><div class=\"vc_column-inner\"><div class=\"wpb_wrapper\">\n\t<div class=\"wpb_single_image wpb_content_element vc_align_left\">\n\t\t\n\t\t<figure class=\"wpb_wrapper vc_figure\">\n\t\t\t<div class=\"vc_single_image-wrapper vc_box_rounded  vc_box_border_grey\"><img loading=\"lazy\" decoding=\"async\" width=\"150\" height=\"150\" src=\"https:\/\/www.aceitenovecientos.com\/wp-content\/uploads\/2015\/10\/logo-great-taste.png\" class=\"vc_single_image-img attachment-thumbnail\" alt=\"\" srcset=\"https:\/\/www.aceitenovecientos.com\/wp-content\/uploads\/2015\/10\/logo-great-taste.png 150w, https:\/\/www.aceitenovecientos.com\/wp-content\/uploads\/2015\/10\/logo-great-taste-100x100.png 100w, https:\/\/www.aceitenovecientos.com\/wp-content\/uploads\/2015\/10\/logo-great-taste-146x146.png 146w, https:\/\/www.aceitenovecientos.com\/wp-content\/uploads\/2015\/10\/logo-great-taste-50x50.png 50w, https:\/\/www.aceitenovecientos.com\/wp-content\/uploads\/2015\/10\/logo-great-taste-75x75.png 75w, https:\/\/www.aceitenovecientos.com\/wp-content\/uploads\/2015\/10\/logo-great-taste-85x85.png 85w, https:\/\/www.aceitenovecientos.com\/wp-content\/uploads\/2015\/10\/logo-great-taste-80x80.png 80w\" sizes=\"auto, (max-width: 150px) 100vw, 150px\" \/><\/div>\n\t\t<\/figure>\n\t<\/div>\n<\/div><\/div><\/div><div class=\"wpb_column vc_column_container vc_col-sm-9\"><div class=\"vc_column-inner\"><div class=\"wpb_wrapper\"><h2 style=\"text-align: left;font-family:Montserrat;font-weight:400;font-style:normal\" class=\"vc_custom_heading\">Great Taste Award 2014<\/h2>\n\t<div class=\"wpb_text_column wpb_content_element\">\n\t\t<div class=\"wpb_wrapper\">\n\t\t\t<p>In 2014, at the prestigious competition held in London, Novecientos was presented with the Great Taste Award for <b>extra virgin olive oil 900 TOP<\/b>This prize further reinforced the international strategy of our company in external markets, driving our status as an outstanding olive oil producer. The judges commented: \u201cBeautiful colour, delicious aroma and smooth on the palate. Very well balanced.\u201d<\/p>\n\n\t\t<\/div>\n\t<\/div>\n<\/div><\/div><\/div><\/div><div class=\"vc_row wpb_row vc_inner vc_row-fluid\"><div class=\"wpb_column vc_column_container vc_col-sm-3\"><div class=\"vc_column-inner\"><div class=\"wpb_wrapper\">\n\t<div class=\"wpb_single_image wpb_content_element vc_align_left\">\n\t\t\n\t\t<figure class=\"wpb_wrapper vc_figure\">\n\t\t\t<div class=\"vc_single_image-wrapper vc_box_rounded  vc_box_border_grey\"><img loading=\"lazy\" decoding=\"async\" width=\"150\" height=\"150\" src=\"https:\/\/www.aceitenovecientos.com\/wp-content\/uploads\/2018\/05\/Captura-de-pantalla-2018-06-28-a-las-11.57.43-150x150.png\" class=\"vc_single_image-img attachment-thumbnail\" alt=\"\" srcset=\"https:\/\/www.aceitenovecientos.com\/wp-content\/uploads\/2018\/05\/Captura-de-pantalla-2018-06-28-a-las-11.57.43-150x150.png 150w, https:\/\/www.aceitenovecientos.com\/wp-content\/uploads\/2018\/05\/Captura-de-pantalla-2018-06-28-a-las-11.57.43-324x324.png 324w, https:\/\/www.aceitenovecientos.com\/wp-content\/uploads\/2018\/05\/Captura-de-pantalla-2018-06-28-a-las-11.57.43-100x100.png 100w, https:\/\/www.aceitenovecientos.com\/wp-content\/uploads\/2018\/05\/Captura-de-pantalla-2018-06-28-a-las-11.57.43-85x85.png 85w, https:\/\/www.aceitenovecientos.com\/wp-content\/uploads\/2018\/05\/Captura-de-pantalla-2018-06-28-a-las-11.57.43-80x80.png 80w\" sizes=\"auto, (max-width: 150px) 100vw, 150px\" \/><\/div>\n\t\t<\/figure>\n\t<\/div>\n<\/div><\/div><\/div><div class=\"wpb_column vc_column_container vc_col-sm-9\"><div class=\"vc_column-inner\"><div class=\"wpb_wrapper\"><h2 style=\"text-align: left;font-family:Montserrat;font-weight:400;font-style:normal\" class=\"vc_custom_heading\">Great Taste Award 2016<\/h2>\n\t<div class=\"wpb_text_column wpb_content_element\">\n\t\t<div class=\"wpb_wrapper\">\n\t\t\t<p>The quest for quality continues and includes our other products. In 2016 our <b> Raspberry Vinegar 900 <\/b> and our <b>extra virgin olive oil 900 BALANCE<\/b> were both given the Great Taste Award in the United Kingdom competition. Our recognition of these quality standards extends to all of our products and inspires us to keep working.<\/p>\n\n\t\t<\/div>\n\t<\/div>\n<\/div><\/div><\/div><\/div><\/div><\/div><div class=\"vc_tta-panel\" id=\"1640809197055-20c7cca5-244a\" data-vc-content=\".vc_tta-panel-body\"><div class=\"vc_tta-panel-heading\"><h4 class=\"vc_tta-panel-title vc_tta-controls-icon-position-left\"><a href=\"#1640809197055-20c7cca5-244a\" data-vc-accordion data-vc-container=\".vc_tta-container\"><span class=\"vc_tta-title-text\">International Taste &amp; Quality Institute - Brussels -<\/span><i class=\"vc_tta-controls-icon vc_tta-controls-icon-plus\"><\/i><\/a><\/h4><\/div><div class=\"vc_tta-panel-body\"><div class=\"vc_row wpb_row vc_inner vc_row-fluid\"><div class=\"wpb_column vc_column_container vc_col-sm-3\"><div class=\"vc_column-inner\"><div class=\"wpb_wrapper\">\n\t<div class=\"wpb_single_image wpb_content_element vc_align_left\">\n\t\t\n\t\t<figure class=\"wpb_wrapper vc_figure\">\n\t\t\t<div class=\"vc_single_image-wrapper vc_box_rounded  vc_box_border_grey\"><img loading=\"lazy\" decoding=\"async\" width=\"150\" height=\"150\" src=\"https:\/\/www.aceitenovecientos.com\/wp-content\/uploads\/2015\/10\/logo-itq-bruselas.png\" class=\"vc_single_image-img attachment-thumbnail\" alt=\"\" srcset=\"https:\/\/www.aceitenovecientos.com\/wp-content\/uploads\/2015\/10\/logo-itq-bruselas.png 150w, https:\/\/www.aceitenovecientos.com\/wp-content\/uploads\/2015\/10\/logo-itq-bruselas-100x100.png 100w, https:\/\/www.aceitenovecientos.com\/wp-content\/uploads\/2015\/10\/logo-itq-bruselas-146x146.png 146w, https:\/\/www.aceitenovecientos.com\/wp-content\/uploads\/2015\/10\/logo-itq-bruselas-50x50.png 50w, https:\/\/www.aceitenovecientos.com\/wp-content\/uploads\/2015\/10\/logo-itq-bruselas-75x75.png 75w, https:\/\/www.aceitenovecientos.com\/wp-content\/uploads\/2015\/10\/logo-itq-bruselas-85x85.png 85w, https:\/\/www.aceitenovecientos.com\/wp-content\/uploads\/2015\/10\/logo-itq-bruselas-80x80.png 80w\" sizes=\"auto, (max-width: 150px) 100vw, 150px\" \/><\/div>\n\t\t<\/figure>\n\t<\/div>\n<\/div><\/div><\/div><div class=\"wpb_column vc_column_container vc_col-sm-9\"><div class=\"vc_column-inner\"><div class=\"wpb_wrapper\"><h2 style=\"text-align: left;font-family:Montserrat;font-weight:400;font-style:normal\" class=\"vc_custom_heading\">ITQI Brussels 2014<\/h2>\n\t<div class=\"wpb_text_column wpb_content_element\">\n\t\t<div class=\"wpb_wrapper\">\n\t\t\t<p>In 2014, ORIGEN NOVECIENTOS was once more awarded with the SUPERIOR TASTE AWARD for <b> extra virgin olive oil 900 TOP<\/b>Our final mark was 89, the highest of any Spanish olive oil. The International Taste and Quality Institute's Superior Taste Award is the only award for taste quality made by Michelin-starred food critics, chefs and sommeliers.<\/p>\n\n\t\t<\/div>\n\t<\/div>\n<\/div><\/div><\/div><\/div><\/div><\/div><div class=\"vc_tta-panel\" id=\"1640809419116-eb425094-afe8\" data-vc-content=\".vc_tta-panel-body\"><div class=\"vc_tta-panel-heading\"><h4 class=\"vc_tta-panel-title vc_tta-controls-icon-position-left\"><a href=\"#1640809419116-eb425094-afe8\" data-vc-accordion data-vc-container=\".vc_tta-container\"><span class=\"vc_tta-title-text\">World Olive Oil Exhibition - Madrid -<\/span><i class=\"vc_tta-controls-icon vc_tta-controls-icon-plus\"><\/i><\/a><\/h4><\/div><div class=\"vc_tta-panel-body\"><div class=\"vc_row wpb_row vc_inner vc_row-fluid\"><div class=\"wpb_column vc_column_container vc_col-sm-3\"><div class=\"vc_column-inner\"><div class=\"wpb_wrapper\">\n\t<div class=\"wpb_single_image wpb_content_element vc_align_left\">\n\t\t\n\t\t<figure class=\"wpb_wrapper vc_figure\">\n\t\t\t<div class=\"vc_single_image-wrapper vc_box_rounded  vc_box_border_grey\"><img loading=\"lazy\" decoding=\"async\" width=\"150\" height=\"150\" src=\"https:\/\/www.aceitenovecientos.com\/wp-content\/uploads\/2019\/04\/premio-jalea-supercomprimida-150x150.jpg\" class=\"vc_single_image-img attachment-thumbnail\" alt=\"Jalea de AOVE con naranja premiada\" srcset=\"https:\/\/www.aceitenovecientos.com\/wp-content\/uploads\/2019\/04\/premio-jalea-supercomprimida-150x150.jpg 150w, https:\/\/www.aceitenovecientos.com\/wp-content\/uploads\/2019\/04\/premio-jalea-supercomprimida-324x324.jpg 324w, https:\/\/www.aceitenovecientos.com\/wp-content\/uploads\/2019\/04\/premio-jalea-supercomprimida-100x100.jpg 100w, https:\/\/www.aceitenovecientos.com\/wp-content\/uploads\/2019\/04\/premio-jalea-supercomprimida-85x85.jpg 85w, https:\/\/www.aceitenovecientos.com\/wp-content\/uploads\/2019\/04\/premio-jalea-supercomprimida-80x80.jpg 80w\" sizes=\"auto, (max-width: 150px) 100vw, 150px\" \/><\/div>\n\t\t<\/figure>\n\t<\/div>\n<\/div><\/div><\/div><div class=\"wpb_column vc_column_container vc_col-sm-9\"><div class=\"vc_column-inner\"><div class=\"wpb_wrapper\"><h2 style=\"text-align: left;font-family:Montserrat;font-weight:400;font-style:normal\" class=\"vc_custom_heading\">Delicatessen with Olive Oil - WOOE - Madrid 2019<\/h2>\n\t<div class=\"wpb_text_column wpb_content_element\">\n\t\t<div class=\"wpb_wrapper\">\n\t\t\t<p>Reconocidos por la innovaci\u00f3n en la utilizaci\u00f3n de Aceite de Oliva como ingrediente principal en la <b>World Olive Oil Exhibition de Madrid 2019.<\/b><\/p>\n<p><b>Jalea de Aceite de Oliva Virgen Extra con Naranja: <\/b>con una textura y un sabor \u00fanico en el que se contrasta la intensidad del mejor AOVE con el toque c\u00edtrico de la naranja y un excelente toque de dulzor.<\/p>\n\n\t\t<\/div>\n\t<\/div>\n<\/div><\/div><\/div><\/div><\/div><\/div><div class=\"vc_tta-panel\" id=\"1640810194296-7a780155-7b1d\" data-vc-content=\".vc_tta-panel-body\"><div class=\"vc_tta-panel-heading\"><h4 class=\"vc_tta-panel-title vc_tta-controls-icon-position-left\"><a href=\"#1640810194296-7a780155-7b1d\" data-vc-accordion data-vc-container=\".vc_tta-container\"><span class=\"vc_tta-title-text\">Premios Innovisibles - Andaluc\u00eda -<\/span><i class=\"vc_tta-controls-icon vc_tta-controls-icon-plus\"><\/i><\/a><\/h4><\/div><div class=\"vc_tta-panel-body\"><div class=\"vc_row wpb_row vc_inner vc_row-fluid\"><div class=\"wpb_column vc_column_container vc_col-sm-3\"><div class=\"vc_column-inner\"><div class=\"wpb_wrapper\">\n\t<div class=\"wpb_single_image wpb_content_element vc_align_left\">\n\t\t\n\t\t<figure class=\"wpb_wrapper vc_figure\">\n\t\t\t<div class=\"vc_single_image-wrapper vc_box_rounded  vc_box_border_grey\"><img loading=\"lazy\" decoding=\"async\" width=\"150\" height=\"150\" src=\"https:\/\/www.aceitenovecientos.com\/wp-content\/uploads\/2015\/10\/premio-innovisibles.png\" class=\"vc_single_image-img attachment-thumbnail\" alt=\"\" srcset=\"https:\/\/www.aceitenovecientos.com\/wp-content\/uploads\/2015\/10\/premio-innovisibles.png 150w, https:\/\/www.aceitenovecientos.com\/wp-content\/uploads\/2015\/10\/premio-innovisibles-100x100.png 100w, https:\/\/www.aceitenovecientos.com\/wp-content\/uploads\/2015\/10\/premio-innovisibles-146x146.png 146w, https:\/\/www.aceitenovecientos.com\/wp-content\/uploads\/2015\/10\/premio-innovisibles-50x50.png 50w, https:\/\/www.aceitenovecientos.com\/wp-content\/uploads\/2015\/10\/premio-innovisibles-75x75.png 75w, https:\/\/www.aceitenovecientos.com\/wp-content\/uploads\/2015\/10\/premio-innovisibles-85x85.png 85w, https:\/\/www.aceitenovecientos.com\/wp-content\/uploads\/2015\/10\/premio-innovisibles-80x80.png 80w\" sizes=\"auto, (max-width: 150px) 100vw, 150px\" \/><\/div>\n\t\t<\/figure>\n\t<\/div>\n<\/div><\/div><\/div><div class=\"wpb_column vc_column_container vc_col-sm-9\"><div class=\"vc_column-inner\"><div class=\"wpb_wrapper\"><h2 style=\"text-align: left;font-family:Montserrat;font-weight:400;font-style:normal\" class=\"vc_custom_heading\">Innovisibles 2014<\/h2>\n\t<div class=\"wpb_text_column wpb_content_element\">\n\t\t<div class=\"wpb_wrapper\">\n\t\t\t<p><b>ORIGEN NOVECIENTOS S.L.<\/b> was awarded \"Best Internationalization Business\", organised by the Regional Government of Andaluc\u00eda through Andaluc\u00eda Emprende.<\/p>\n\n\t\t<\/div>\n\t<\/div>\n<\/div><\/div><\/div><\/div><\/div><\/div><\/div><\/div><\/div><\/div><\/div><\/div><\/div><\/div>","protected":false},"excerpt":{"rendered":"New York International Olive Oil Competition Nueva York 2013 El ACEITE DE OLIVA VIRGEN EXTRA 900 TOP ha sido premiado con la MEDALLA DE ORO en el Concurso Internacional de Aceite de Oliva celebrado en Nueva York con una calificaci\u00f3n de 9,5 puntos, la cuarta nota m\u00e1s alta del concurso y la m\u00e1s alta otorgada [...]","protected":false},"author":1,"featured_media":0,"parent":0,"menu_order":0,"comment_status":"closed","ping_status":"closed","template":"","meta":{"footnotes":""},"class_list":["post-21","page","type-page","status-publish","hentry"],"yoast_head":"<!-- This site is optimized with the Yoast SEO plugin v24.1 - https:\/\/yoast.com\/wordpress\/plugins\/seo\/ -->\n<title>Premios - Aceite Novecientos<\/title>\n<meta name=\"robots\" content=\"index, follow, max-snippet:-1, max-image-preview:large, max-video-preview:-1\" \/>\n<link rel=\"canonical\" href=\"https:\/\/www.aceitenovecientos.com\/en\/premios\/\" \/>\n<meta property=\"og:locale\" content=\"en_GB\" \/>\n<meta property=\"og:type\" content=\"article\" \/>\n<meta property=\"og:title\" content=\"Premios - Aceite Novecientos\" \/>\n<meta property=\"og:url\" content=\"https:\/\/www.aceitenovecientos.com\/en\/premios\/\" \/>\n<meta property=\"og:site_name\" content=\"Aceite Novecientos\" \/>\n<meta property=\"article:publisher\" content=\"https:\/\/www.facebook.com\/aceitenovecientos\/\" \/>\n<meta property=\"article:modified_time\" content=\"2022-01-31T18:58:51+00:00\" \/>\n<meta name=\"twitter:card\" content=\"summary_large_image\" \/>\n<meta name=\"twitter:label1\" content=\"Estimated reading time\" \/>\n\t<meta name=\"twitter:data1\" content=\"5 minutes\" \/>\n<script type=\"application\/ld+json\" class=\"yoast-schema-graph\">{\"@context\":\"https:\/\/schema.org\",\"@graph\":[{\"@type\":\"WebPage\",\"@id\":\"https:\/\/www.aceitenovecientos.com\/premios\/\",\"url\":\"https:\/\/www.aceitenovecientos.com\/premios\/\",\"name\":\"Premios - Aceite Novecientos\",\"isPartOf\":{\"@id\":\"https:\/\/www.aceitenovecientos.com\/#website\"},\"datePublished\":\"2015-10-27T14:04:49+00:00\",\"dateModified\":\"2022-01-31T18:58:51+00:00\",\"breadcrumb\":{\"@id\":\"https:\/\/www.aceitenovecientos.com\/premios\/#breadcrumb\"},\"inLanguage\":\"en-GB\",\"potentialAction\":[{\"@type\":\"ReadAction\",\"target\":[\"https:\/\/www.aceitenovecientos.com\/premios\/\"]}]},{\"@type\":\"BreadcrumbList\",\"@id\":\"https:\/\/www.aceitenovecientos.com\/premios\/#breadcrumb\",\"itemListElement\":[{\"@type\":\"ListItem\",\"position\":1,\"name\":\"Portada\",\"item\":\"https:\/\/www.aceitenovecientos.com\/\"},{\"@type\":\"ListItem\",\"position\":2,\"name\":\"Premios\"}]},{\"@type\":\"WebSite\",\"@id\":\"https:\/\/www.aceitenovecientos.com\/#website\",\"url\":\"https:\/\/www.aceitenovecientos.com\/\",\"name\":\"Aceite Novecientos\",\"description\":\"Aceite de Oliva de Ja\u00e9n\",\"publisher\":{\"@id\":\"https:\/\/www.aceitenovecientos.com\/#organization\"},\"potentialAction\":[{\"@type\":\"SearchAction\",\"target\":{\"@type\":\"EntryPoint\",\"urlTemplate\":\"https:\/\/www.aceitenovecientos.com\/?s={search_term_string}\"},\"query-input\":{\"@type\":\"PropertyValueSpecification\",\"valueRequired\":true,\"valueName\":\"search_term_string\"}}],\"inLanguage\":\"en-GB\"},{\"@type\":\"Organization\",\"@id\":\"https:\/\/www.aceitenovecientos.com\/#organization\",\"name\":\"Aceite Novecientos\",\"url\":\"https:\/\/www.aceitenovecientos.com\/\",\"logo\":{\"@type\":\"ImageObject\",\"inLanguage\":\"en-GB\",\"@id\":\"https:\/\/www.aceitenovecientos.com\/#\/schema\/logo\/image\/\",\"url\":\"https:\/\/www.aceitenovecientos.com\/wp-content\/uploads\/2021\/12\/logo900-head.webp\",\"contentUrl\":\"https:\/\/www.aceitenovecientos.com\/wp-content\/uploads\/2021\/12\/logo900-head.webp\",\"width\":470,\"height\":110,\"caption\":\"Aceite Novecientos\"},\"image\":{\"@id\":\"https:\/\/www.aceitenovecientos.com\/#\/schema\/logo\/image\/\"},\"sameAs\":[\"https:\/\/www.facebook.com\/aceitenovecientos\/\"]}]}<\/script>\n<!-- \/ Yoast SEO plugin. -->","yoast_head_json":{"title":"Premios - Aceite Novecientos","robots":{"index":"index","follow":"follow","max-snippet":"max-snippet:-1","max-image-preview":"max-image-preview:large","max-video-preview":"max-video-preview:-1"},"canonical":"https:\/\/www.aceitenovecientos.com\/en\/premios\/","og_locale":"en_GB","og_type":"article","og_title":"Premios - Aceite Novecientos","og_url":"https:\/\/www.aceitenovecientos.com\/en\/premios\/","og_site_name":"Aceite Novecientos","article_publisher":"https:\/\/www.facebook.com\/aceitenovecientos\/","article_modified_time":"2022-01-31T18:58:51+00:00","twitter_card":"summary_large_image","twitter_misc":{"Estimated reading time":"5 minutes"},"schema":{"@context":"https:\/\/schema.org","@graph":[{"@type":"WebPage","@id":"https:\/\/www.aceitenovecientos.com\/premios\/","url":"https:\/\/www.aceitenovecientos.com\/premios\/","name":"Premios - Aceite Novecientos","isPartOf":{"@id":"https:\/\/www.aceitenovecientos.com\/#website"},"datePublished":"2015-10-27T14:04:49+00:00","dateModified":"2022-01-31T18:58:51+00:00","breadcrumb":{"@id":"https:\/\/www.aceitenovecientos.com\/premios\/#breadcrumb"},"inLanguage":"en-GB","potentialAction":[{"@type":"ReadAction","target":["https:\/\/www.aceitenovecientos.com\/premios\/"]}]},{"@type":"BreadcrumbList","@id":"https:\/\/www.aceitenovecientos.com\/premios\/#breadcrumb","itemListElement":[{"@type":"ListItem","position":1,"name":"Portada","item":"https:\/\/www.aceitenovecientos.com\/"},{"@type":"ListItem","position":2,"name":"Premios"}]},{"@type":"WebSite","@id":"https:\/\/www.aceitenovecientos.com\/#website","url":"https:\/\/www.aceitenovecientos.com\/","name":"Aceite Novecientos","description":"Aceite de Oliva de Ja\u00e9n","publisher":{"@id":"https:\/\/www.aceitenovecientos.com\/#organization"},"potentialAction":[{"@type":"SearchAction","target":{"@type":"EntryPoint","urlTemplate":"https:\/\/www.aceitenovecientos.com\/?s={search_term_string}"},"query-input":{"@type":"PropertyValueSpecification","valueRequired":true,"valueName":"search_term_string"}}],"inLanguage":"en-GB"},{"@type":"Organization","@id":"https:\/\/www.aceitenovecientos.com\/#organization","name":"Aceite Novecientos","url":"https:\/\/www.aceitenovecientos.com\/","logo":{"@type":"ImageObject","inLanguage":"en-GB","@id":"https:\/\/www.aceitenovecientos.com\/#\/schema\/logo\/image\/","url":"https:\/\/www.aceitenovecientos.com\/wp-content\/uploads\/2021\/12\/logo900-head.webp","contentUrl":"https:\/\/www.aceitenovecientos.com\/wp-content\/uploads\/2021\/12\/logo900-head.webp","width":470,"height":110,"caption":"Aceite Novecientos"},"image":{"@id":"https:\/\/www.aceitenovecientos.com\/#\/schema\/logo\/image\/"},"sameAs":["https:\/\/www.facebook.com\/aceitenovecientos\/"]}]}},"_links":{"self":[{"href":"https:\/\/www.aceitenovecientos.com\/en\/wp-json\/wp\/v2\/pages\/21","targetHints":{"allow":["GET"]}}],"collection":[{"href":"https:\/\/www.aceitenovecientos.com\/en\/wp-json\/wp\/v2\/pages"}],"about":[{"href":"https:\/\/www.aceitenovecientos.com\/en\/wp-json\/wp\/v2\/types\/page"}],"author":[{"embeddable":true,"href":"https:\/\/www.aceitenovecientos.com\/en\/wp-json\/wp\/v2\/users\/1"}],"replies":[{"embeddable":true,"href":"https:\/\/www.aceitenovecientos.com\/en\/wp-json\/wp\/v2\/comments?post=21"}],"version-history":[{"count":6,"href":"https:\/\/www.aceitenovecientos.com\/en\/wp-json\/wp\/v2\/pages\/21\/revisions"}],"predecessor-version":[{"id":2934,"href":"https:\/\/www.aceitenovecientos.com\/en\/wp-json\/wp\/v2\/pages\/21\/revisions\/2934"}],"wp:attachment":[{"href":"https:\/\/www.aceitenovecientos.com\/en\/wp-json\/wp\/v2\/media?parent=21"}],"curies":[{"name":"wp","href":"https:\/\/api.w.org\/{rel}","templated":true}]}}