{"id":1713,"date":"2019-02-08T07:22:52","date_gmt":"2019-02-08T07:22:52","guid":{"rendered":"https:\/\/www.aceitenovecientos.com\/?page_id=1713"},"modified":"2022-03-16T19:21:32","modified_gmt":"2022-03-16T18:21:32","slug":"comprar-aceite-de-oliva-al-por-mayor","status":"publish","type":"page","link":"https:\/\/www.aceitenovecientos.com\/en\/comprar-aceite-de-oliva-al-por-mayor\/","title":{"rendered":"Profesionales"},"content":{"rendered":"<div class=\"vc_row wpb_row vc_row-fluid\"><div class=\"wpb_column vc_column_container vc_col-sm-12\"><div class=\"vc_column-inner\"><div class=\"wpb_wrapper\">\n\t<div class=\"wpb_text_column wpb_content_element\">\n\t\t<div class=\"wpb_wrapper\">\n\t\t\t<p>&nbsp;<\/p>\n<p>Si quieres comprar aceite de oliva al por mayor, somos distribuidores de aceites y productos gourmet para tiendas, restaurantes y locales del sector hostelero.\u00a0 Ofrecemos grandes ventajas a nuestros compradores de aceite oliva a granel, destacando por encima de todo la elevada calidad de nuestros productos, junto con los precios m\u00e1s competitivos del mercado. La venta de aceites en sus distintas variedades \u00a0es uno de los sectores en expansi\u00f3n tanto en Espa\u00f1a como internacionalmente, siendo una gran oportunidad de ofrecer a tus clientes algo especial y diferente.<\/p>\n<p>Con nuestro cat\u00e1logo de productos apostar\u00e1s por una empresa ampliamente reconocida en el sector del aceite a granel, como demuestran los numerosos <strong>premios y galardones recibidos<\/strong> entre los que destacan \u00a0la Medalla de Oro en el Concurso Internacional de Aceite de Oliva celebrado en Nueva York en sus ediciones de 2013 y 2015 y la condecoraci\u00f3n Great Taste Award en 2014 y 2016, as\u00ed como el Superior Test Award en el ITQI Bruselas 2014. Adem\u00e1s apostamos firmemente por la m\u00e1xima garant\u00eda, calidad y profesionalidad en la comercializaci\u00f3n de nuestros servicios y productos, marcando la diferencia en el sector de distribuidores, almazara, cooperativa y proveedores de aceite de oliva en Espa\u00f1a.<\/p>\n<p>Ponte en contacto con nosotros para comprar aceite de oliva al por mayor en nuestra distribuidora y te ofreceremos las condiciones que mejor se adapten a tus necesidades.<\/p>\n<span class=\"collapseomatic noarrow\" id=\"id69e73958571e5\"  tabindex=\"0\" title=\"Leer m\u00e1s...\"    >Leer m\u00e1s...<\/span><div id=\"target-id69e73958571e5\" class=\"collapseomatic_content\"><\/p>\n<h2>Comprar aceite de oliva al por mayor en Espa\u00f1a<\/h2>\n<p>Si deseas que tus clientes degusten los m\u00e1s exquisitos productos gourmet y oleos, debes comprar aceites al por mayor en nuestra cooperativa. Tenemos precios especiales para restaurantes y negocios del canal Heroca para que puedan realizar sus compras. Gracias a que el precio de aceite de oliva en almazara resulta m\u00e1s barato que en cualquier otro comercio minorista podr\u00e1s ahorrarte una gran cantidad de dinero en tu compra.<\/p>\n<p>Adem\u00e1s de comprar aceite de oliva al por mayor con precio del almazara, podr\u00e1s adquirir otros alimentos gourmet y derivados del \u00f3leo como jaleas, aromatizados o esferas aceitosas. Podemos distribuir y hacer env\u00edos a cualquier punto de Espa\u00f1a incluidos Ceuta, Melilla y las islas. Tambi\u00e9n disponemos de distribuci\u00f3n internacional para pedidos fuera de la pen\u00ednsula, incluyendo mercados como Asia o Am\u00e9rica. Si quieres ser comprador de nuestro aceite de oliva a precio de mayorista contacta con nosotros para ofrecerte nuestras condiciones de venta.<\/p>\n<h2>Comprar aceite de oliva a granel<\/h2>\n<p>Comprar aceite de oliva a granel de m\u00e1xima calidad para el sector alimentario y el canal Heroca es posible gracias a los incre\u00edbles precios de nuestra almazara. La compra al por mayor de aceite de oliva 900 te permite recibir el pedido en cualquiera de tus almacenes espa\u00f1oles o internacionales. Si eres una empresa con instalaciones en el extranjero podemos exportar nuestros oleos all\u00ed en las cantidades que los necesites. Numerosos a\u00f1os en el sector agr\u00edcola avalan nuestra profesionalidad como proveedores de aceite de oliva en Espa\u00f1a y en el extranjero.<\/p>\n<p>Podr\u00e1s comprar aceite de oliva a granel en packs de distintos litros y envasados seg\u00fan las necesidades de tu restaurante, local o clientes con su precio de origen.<\/p>\n<h3>Aceite de oliva, comprar al por mayor<\/h3>\n<p>Cada vez m\u00e1s restaurantes quieren comprar aceite de oliva al por mayor en esta distribuidora. Los incre\u00edbles matices del sabor de nuestros aceites son fruto del esfuerzo, la naturalidad y pasi\u00f3n con la que nuestros agricultores fabrican este oro l\u00edquido. Como fabricantes, mayoristas y proveedores en Espa\u00f1a del \u00f3leo top 900 nos enorgullecen las numerosas condecoraciones que acompa\u00f1an a nuestra l\u00ednea de productos. Por ello si necesitas aceite de oliva comprar por mayor con nuestra cooperativa servir\u00e1s a tus clientes los mejores productos aceiteros que se distribuyen en el mercado.<\/p>\n<p>Por ello si necesitas aceite de oliva comprar por mayor con nuestra cooperativa servir\u00e1s a tus clientes los mejores productos aceiteros que se distribuyen en el mercado.<\/p>\n<h2>Proveedores de aceite de oliva en Espa\u00f1a<\/h2>\n<p>Entre los proveedores de aceite de oliva espa\u00f1oles nosotros contamos con las mejores condiciones como mayorista. Gracias a la calidad de nuestros productos ofrecemos un \u00f3leo gourmet siendo un referente entre las cooperativas espa\u00f1olas a la hora de comprar aceites oliva al por mayor. Podr\u00e1s encontrar incre\u00edbles productos alimentarios como aceite virgen, aceite extravirgen, jaleas y aceitunas listos para ser distribuidos. De hecho las incre\u00edble propiedades de esta sustancia la han hecho imprescindible en otros sectores m\u00e1s all\u00e1 del alimentario, como el cosm\u00e9tico, el energ\u00e9tico o como lubricante.<\/p>\n<h3>Distribuidora de aceites de oliva<\/h3>\n<p>Nuestra distribuidora de aceites de oliva al por mayor tiene sus ra\u00edces en la esencia agr\u00edcola andaluza. Ese sabor caracter\u00edstico que emana el frescor de la tierra espa\u00f1ola es propio de nuestros oleos distribuidos. Compre aceite de oliva al por mayor en nuestra tienda online con precios de almazara.<\/p>\n<p><\/div>\n\n\t\t<\/div>\n\t<\/div>\n<div style=\"font-size: 25px;text-align: left;font-family:Abril Fatface;font-weight:400;font-style:normal\" class=\"vc_custom_heading\">Alta como mayorista en la Zona B2B de pedidos<\/div>\n<div class=\"wpcf7 no-js\" id=\"wpcf7-f2729-o1\" lang=\"es-ES\" dir=\"ltr\" data-wpcf7-id=\"2729\">\n<div class=\"screen-reader-response\"><p role=\"status\" aria-live=\"polite\" aria-atomic=\"true\"><\/p> <ul><\/ul><\/div>\n<form action=\"\/en\/wp-json\/wp\/v2\/pages\/1713#wpcf7-f2729-o1\" method=\"post\" class=\"wpcf7-form init\" aria-label=\"Formulario de contacto\" novalidate=\"novalidate\" data-status=\"init\" data-trp-original-action=\"\/en\/wp-json\/wp\/v2\/pages\/1713#wpcf7-f2729-o1\">\n<div style=\"display: none;\">\n<input type=\"hidden\" name=\"_wpcf7\" value=\"2729\" \/>\n<input type=\"hidden\" name=\"_wpcf7_version\" value=\"6.0.2\" \/>\n<input type=\"hidden\" name=\"_wpcf7_locale\" value=\"es_ES\" \/>\n<input type=\"hidden\" name=\"_wpcf7_unit_tag\" value=\"wpcf7-f2729-o1\" \/>\n<input type=\"hidden\" name=\"_wpcf7_container_post\" value=\"0\" \/>\n<input type=\"hidden\" name=\"_wpcf7_posted_data_hash\" value=\"\" \/>\n<input type=\"hidden\" name=\"_wpcf7_recaptcha_response\" value=\"\" \/>\n<\/div>\n<p><span class=\"wpcf7-form-control-wrap\" data-name=\"your-name\"><input size=\"40\" maxlength=\"400\" class=\"wpcf7-form-control wpcf7-text wpcf7-validates-as-required contacta\" aria-required=\"true\" aria-invalid=\"false\" placeholder=\"Nombre*\" value=\"\" type=\"text\" name=\"your-name\" \/><\/span>\n<\/p>\n<p><span class=\"wpcf7-form-control-wrap\" data-name=\"your-message\"><textarea cols=\"40\" rows=\"10\" maxlength=\"2000\" class=\"wpcf7-form-control wpcf7-textarea contacta\" aria-invalid=\"false\" placeholder=\"Mensaje\" name=\"your-message\"><\/textarea><\/span>\n<\/p>\n<p>DATOS FISCALES\n<\/p>\n<p><span class=\"wpcf7-form-control-wrap\" data-name=\"your-nombrefiscal\"><input size=\"40\" maxlength=\"400\" class=\"wpcf7-form-control wpcf7-text wpcf7-validates-as-required contacta\" aria-required=\"true\" aria-invalid=\"false\" placeholder=\"Nombre Fiscal*\" value=\"\" type=\"text\" name=\"your-nombrefiscal\" \/><\/span>\n<\/p>\n<p><span class=\"wpcf7-form-control-wrap\" data-name=\"your-nombrecomercial\"><input size=\"40\" maxlength=\"400\" class=\"wpcf7-form-control wpcf7-text wpcf7-validates-as-required contacta\" aria-required=\"true\" aria-invalid=\"false\" placeholder=\"Nombre Comercial*\" value=\"\" type=\"text\" name=\"your-nombrecomercial\" \/><\/span>\n<\/p>\n<p><span class=\"wpcf7-form-control-wrap\" data-name=\"your-nif\"><input size=\"40\" maxlength=\"400\" class=\"wpcf7-form-control wpcf7-text wpcf7-validates-as-required contacta\" aria-required=\"true\" aria-invalid=\"false\" placeholder=\"NIF*\" value=\"\" type=\"text\" name=\"your-nif\" \/><\/span>\n<\/p>\n<p><span class=\"wpcf7-form-control-wrap\" data-name=\"your-direccion\"><input size=\"40\" maxlength=\"400\" class=\"wpcf7-form-control wpcf7-text wpcf7-validates-as-required contacta\" aria-required=\"true\" aria-invalid=\"false\" placeholder=\"Direcci\u00f3n Facturaci\u00f3n*\" value=\"\" type=\"text\" name=\"your-direccion\" \/><\/span>\n<\/p>\n<p><span class=\"wpcf7-form-control-wrap\" data-name=\"your-re\"><input size=\"40\" maxlength=\"400\" class=\"wpcf7-form-control wpcf7-text wpcf7-validates-as-required contacta\" aria-required=\"true\" aria-invalid=\"false\" placeholder=\"R.E.*\" value=\"\" type=\"text\" name=\"your-re\" \/><\/span>\n<\/p>\n<p>DATOS DE ENV\u00cdO\n<\/p>\n<p><span class=\"wpcf7-form-control-wrap\" data-name=\"your-direccionenvio\"><input size=\"40\" maxlength=\"400\" class=\"wpcf7-form-control wpcf7-text wpcf7-validates-as-required contacta\" aria-required=\"true\" aria-invalid=\"false\" placeholder=\"Direcci\u00f3n Completa*\" value=\"\" type=\"text\" name=\"your-direccionenvio\" \/><\/span>\n<\/p>\n<p><span class=\"wpcf7-form-control-wrap\" data-name=\"your-email\"><input size=\"40\" maxlength=\"400\" class=\"wpcf7-form-control wpcf7-email wpcf7-validates-as-required wpcf7-text wpcf7-validates-as-email contacta\" aria-required=\"true\" aria-invalid=\"false\" placeholder=\"E-mail*\" value=\"\" type=\"email\" name=\"your-email\" \/><\/span>\n<\/p>\n<p><span class=\"wpcf7-form-control-wrap\" data-name=\"your-telefono\"><input size=\"40\" maxlength=\"400\" class=\"wpcf7-form-control wpcf7-tel wpcf7-validates-as-required wpcf7-text wpcf7-validates-as-tel contacta\" aria-required=\"true\" aria-invalid=\"false\" placeholder=\"Tel\u00e9fono*\" value=\"\" type=\"tel\" name=\"your-telefono\" \/><\/span>\n<\/p>\n<p><input class=\"wpcf7-form-control wpcf7-submit has-spinner boton\" type=\"submit\" value=\"Enviar\" \/>\n<\/p><div class=\"wpcf7-response-output\" aria-hidden=\"true\"><\/div>\n<input type=\"hidden\" name=\"trp-form-language\" value=\"en\"\/><\/form>\n<\/div>\n<\/div><\/div><\/div><\/div>\r\n<p><\/p>\r\n<p>&nbsp;<\/p>\r\n<p><\/p>","protected":false},"excerpt":{"rendered":"<p>&nbsp;<\/p>","protected":false},"author":1,"featured_media":0,"parent":0,"menu_order":0,"comment_status":"closed","ping_status":"closed","template":"","meta":{"footnotes":""},"class_list":["post-1713","page","type-page","status-publish","hentry"],"yoast_head":"<!-- This site is optimized with the Yoast SEO plugin v24.1 - https:\/\/yoast.com\/wordpress\/plugins\/seo\/ -->\n<title>Comprar Aceite de Oliva al por Mayor<\/title>\n<meta name=\"description\" content=\"Comprar Aceite de Oliva al por Mayor en nuestra distribuidora. Consigue para tu tienda o negocio aceite de oliva de m\u00e1xima calidad con numerosos galardones y precio al por mayor o a granel.\" \/>\n<meta name=\"robots\" content=\"index, follow, max-snippet:-1, max-image-preview:large, max-video-preview:-1\" \/>\n<link rel=\"canonical\" href=\"https:\/\/www.aceitenovecientos.com\/en\/comprar-aceite-de-oliva-al-por-mayor\/\" \/>\n<meta property=\"og:locale\" content=\"en_GB\" \/>\n<meta property=\"og:type\" content=\"article\" \/>\n<meta property=\"og:title\" content=\"Comprar Aceite de Oliva al por Mayor\" \/>\n<meta property=\"og:description\" content=\"Comprar Aceite de Oliva al por Mayor en nuestra distribuidora. Consigue para tu tienda o negocio aceite de oliva de m\u00e1xima calidad con numerosos galardones y precio al por mayor o a granel.\" \/>\n<meta property=\"og:url\" content=\"https:\/\/www.aceitenovecientos.com\/en\/comprar-aceite-de-oliva-al-por-mayor\/\" \/>\n<meta property=\"og:site_name\" content=\"Aceite Novecientos\" \/>\n<meta property=\"article:publisher\" content=\"https:\/\/www.facebook.com\/aceitenovecientos\/\" \/>\n<meta property=\"article:modified_time\" content=\"2022-03-16T18:21:32+00:00\" \/>\n<meta name=\"twitter:card\" content=\"summary_large_image\" \/>\n<meta name=\"twitter:label1\" content=\"Estimated reading time\" \/>\n\t<meta name=\"twitter:data1\" content=\"4 minutes\" \/>\n<script type=\"application\/ld+json\" class=\"yoast-schema-graph\">{\"@context\":\"https:\/\/schema.org\",\"@graph\":[{\"@type\":\"WebPage\",\"@id\":\"https:\/\/www.aceitenovecientos.com\/comprar-aceite-de-oliva-al-por-mayor\/\",\"url\":\"https:\/\/www.aceitenovecientos.com\/comprar-aceite-de-oliva-al-por-mayor\/\",\"name\":\"Comprar Aceite de Oliva al por Mayor\",\"isPartOf\":{\"@id\":\"https:\/\/www.aceitenovecientos.com\/#website\"},\"datePublished\":\"2019-02-08T07:22:52+00:00\",\"dateModified\":\"2022-03-16T18:21:32+00:00\",\"description\":\"Comprar Aceite de Oliva al por Mayor en nuestra distribuidora. Consigue para tu tienda o negocio aceite de oliva de m\u00e1xima calidad con numerosos galardones y precio al por mayor o a granel.\",\"breadcrumb\":{\"@id\":\"https:\/\/www.aceitenovecientos.com\/comprar-aceite-de-oliva-al-por-mayor\/#breadcrumb\"},\"inLanguage\":\"en-GB\",\"potentialAction\":[{\"@type\":\"ReadAction\",\"target\":[\"https:\/\/www.aceitenovecientos.com\/comprar-aceite-de-oliva-al-por-mayor\/\"]}]},{\"@type\":\"BreadcrumbList\",\"@id\":\"https:\/\/www.aceitenovecientos.com\/comprar-aceite-de-oliva-al-por-mayor\/#breadcrumb\",\"itemListElement\":[{\"@type\":\"ListItem\",\"position\":1,\"name\":\"Portada\",\"item\":\"https:\/\/www.aceitenovecientos.com\/\"},{\"@type\":\"ListItem\",\"position\":2,\"name\":\"Profesionales\"}]},{\"@type\":\"WebSite\",\"@id\":\"https:\/\/www.aceitenovecientos.com\/#website\",\"url\":\"https:\/\/www.aceitenovecientos.com\/\",\"name\":\"Aceite Novecientos\",\"description\":\"Aceite de Oliva de Ja\u00e9n\",\"publisher\":{\"@id\":\"https:\/\/www.aceitenovecientos.com\/#organization\"},\"potentialAction\":[{\"@type\":\"SearchAction\",\"target\":{\"@type\":\"EntryPoint\",\"urlTemplate\":\"https:\/\/www.aceitenovecientos.com\/?s={search_term_string}\"},\"query-input\":{\"@type\":\"PropertyValueSpecification\",\"valueRequired\":true,\"valueName\":\"search_term_string\"}}],\"inLanguage\":\"en-GB\"},{\"@type\":\"Organization\",\"@id\":\"https:\/\/www.aceitenovecientos.com\/#organization\",\"name\":\"Aceite Novecientos\",\"url\":\"https:\/\/www.aceitenovecientos.com\/\",\"logo\":{\"@type\":\"ImageObject\",\"inLanguage\":\"en-GB\",\"@id\":\"https:\/\/www.aceitenovecientos.com\/#\/schema\/logo\/image\/\",\"url\":\"https:\/\/www.aceitenovecientos.com\/wp-content\/uploads\/2021\/12\/logo900-head.webp\",\"contentUrl\":\"https:\/\/www.aceitenovecientos.com\/wp-content\/uploads\/2021\/12\/logo900-head.webp\",\"width\":470,\"height\":110,\"caption\":\"Aceite Novecientos\"},\"image\":{\"@id\":\"https:\/\/www.aceitenovecientos.com\/#\/schema\/logo\/image\/\"},\"sameAs\":[\"https:\/\/www.facebook.com\/aceitenovecientos\/\"]}]}<\/script>\n<!-- \/ Yoast SEO plugin. -->","yoast_head_json":{"title":"Comprar Aceite de Oliva al por Mayor","description":"Comprar Aceite de Oliva al por Mayor en nuestra distribuidora. Consigue para tu tienda o negocio aceite de oliva de m\u00e1xima calidad con numerosos galardones y precio al por mayor o a granel.","robots":{"index":"index","follow":"follow","max-snippet":"max-snippet:-1","max-image-preview":"max-image-preview:large","max-video-preview":"max-video-preview:-1"},"canonical":"https:\/\/www.aceitenovecientos.com\/en\/comprar-aceite-de-oliva-al-por-mayor\/","og_locale":"en_GB","og_type":"article","og_title":"Comprar Aceite de Oliva al por Mayor","og_description":"Comprar Aceite de Oliva al por Mayor en nuestra distribuidora. Consigue para tu tienda o negocio aceite de oliva de m\u00e1xima calidad con numerosos galardones y precio al por mayor o a granel.","og_url":"https:\/\/www.aceitenovecientos.com\/en\/comprar-aceite-de-oliva-al-por-mayor\/","og_site_name":"Aceite Novecientos","article_publisher":"https:\/\/www.facebook.com\/aceitenovecientos\/","article_modified_time":"2022-03-16T18:21:32+00:00","twitter_card":"summary_large_image","twitter_misc":{"Estimated reading time":"4 minutes"},"schema":{"@context":"https:\/\/schema.org","@graph":[{"@type":"WebPage","@id":"https:\/\/www.aceitenovecientos.com\/comprar-aceite-de-oliva-al-por-mayor\/","url":"https:\/\/www.aceitenovecientos.com\/comprar-aceite-de-oliva-al-por-mayor\/","name":"Comprar Aceite de Oliva al por Mayor","isPartOf":{"@id":"https:\/\/www.aceitenovecientos.com\/#website"},"datePublished":"2019-02-08T07:22:52+00:00","dateModified":"2022-03-16T18:21:32+00:00","description":"Comprar Aceite de Oliva al por Mayor en nuestra distribuidora. Consigue para tu tienda o negocio aceite de oliva de m\u00e1xima calidad con numerosos galardones y precio al por mayor o a granel.","breadcrumb":{"@id":"https:\/\/www.aceitenovecientos.com\/comprar-aceite-de-oliva-al-por-mayor\/#breadcrumb"},"inLanguage":"en-GB","potentialAction":[{"@type":"ReadAction","target":["https:\/\/www.aceitenovecientos.com\/comprar-aceite-de-oliva-al-por-mayor\/"]}]},{"@type":"BreadcrumbList","@id":"https:\/\/www.aceitenovecientos.com\/comprar-aceite-de-oliva-al-por-mayor\/#breadcrumb","itemListElement":[{"@type":"ListItem","position":1,"name":"Portada","item":"https:\/\/www.aceitenovecientos.com\/"},{"@type":"ListItem","position":2,"name":"Profesionales"}]},{"@type":"WebSite","@id":"https:\/\/www.aceitenovecientos.com\/#website","url":"https:\/\/www.aceitenovecientos.com\/","name":"Aceite Novecientos","description":"Aceite de Oliva de Ja\u00e9n","publisher":{"@id":"https:\/\/www.aceitenovecientos.com\/#organization"},"potentialAction":[{"@type":"SearchAction","target":{"@type":"EntryPoint","urlTemplate":"https:\/\/www.aceitenovecientos.com\/?s={search_term_string}"},"query-input":{"@type":"PropertyValueSpecification","valueRequired":true,"valueName":"search_term_string"}}],"inLanguage":"en-GB"},{"@type":"Organization","@id":"https:\/\/www.aceitenovecientos.com\/#organization","name":"Aceite Novecientos","url":"https:\/\/www.aceitenovecientos.com\/","logo":{"@type":"ImageObject","inLanguage":"en-GB","@id":"https:\/\/www.aceitenovecientos.com\/#\/schema\/logo\/image\/","url":"https:\/\/www.aceitenovecientos.com\/wp-content\/uploads\/2021\/12\/logo900-head.webp","contentUrl":"https:\/\/www.aceitenovecientos.com\/wp-content\/uploads\/2021\/12\/logo900-head.webp","width":470,"height":110,"caption":"Aceite Novecientos"},"image":{"@id":"https:\/\/www.aceitenovecientos.com\/#\/schema\/logo\/image\/"},"sameAs":["https:\/\/www.facebook.com\/aceitenovecientos\/"]}]}},"_links":{"self":[{"href":"https:\/\/www.aceitenovecientos.com\/en\/wp-json\/wp\/v2\/pages\/1713","targetHints":{"allow":["GET"]}}],"collection":[{"href":"https:\/\/www.aceitenovecientos.com\/en\/wp-json\/wp\/v2\/pages"}],"about":[{"href":"https:\/\/www.aceitenovecientos.com\/en\/wp-json\/wp\/v2\/types\/page"}],"author":[{"embeddable":true,"href":"https:\/\/www.aceitenovecientos.com\/en\/wp-json\/wp\/v2\/users\/1"}],"replies":[{"embeddable":true,"href":"https:\/\/www.aceitenovecientos.com\/en\/wp-json\/wp\/v2\/comments?post=1713"}],"version-history":[{"count":13,"href":"https:\/\/www.aceitenovecientos.com\/en\/wp-json\/wp\/v2\/pages\/1713\/revisions"}],"predecessor-version":[{"id":2960,"href":"https:\/\/www.aceitenovecientos.com\/en\/wp-json\/wp\/v2\/pages\/1713\/revisions\/2960"}],"wp:attachment":[{"href":"https:\/\/www.aceitenovecientos.com\/en\/wp-json\/wp\/v2\/media?parent=1713"}],"curies":[{"name":"wp","href":"https:\/\/api.w.org\/{rel}","templated":true}]}}