{"id":167,"date":"2016-08-09T08:00:01","date_gmt":"2016-08-09T08:00:01","guid":{"rendered":"http:\/\/www.aceitenovecientos.com\/?page_id=167"},"modified":"2022-01-31T19:56:54","modified_gmt":"2022-01-31T18:56:54","slug":"aviso-legal","status":"publish","type":"page","link":"https:\/\/www.aceitenovecientos.com\/en\/aviso-legal\/","title":{"rendered":"Aviso Legal"},"content":{"rendered":"<div class=\"vc_row wpb_row vc_row-fluid\"><div class=\"wpb_column vc_column_container vc_col-sm-12\"><div class=\"vc_column-inner\"><div class=\"wpb_wrapper\">\n\t<div class=\"wpb_text_column wpb_content_element\">\n\t\t<div class=\"wpb_wrapper\">\n\t\t\t<p>El objeto de las presentes Condiciones Generales de Uso del Sitio Web\u00a0es la regulaci\u00f3n, estipulaci\u00f3n y establecimiento de una normativa o pautas de obligado cumplimiento sobre el uso, utilizaci\u00f3n de productos y servicios del Sitio Web emplazado en la URL <strong>www.aceitenovecientos.com<\/strong>. La utilizaci\u00f3n del Sitio Web atribuye la condici\u00f3n de Usuario y por el acceso al mismo, se considera la aceptaci\u00f3n expresa de las obligaciones establecidas en las presentes Condiciones Generales de Uso.<\/p>\n<p>El Sitio Web es propiedad de <strong>ORIGEN NOVECIENTOS S.L.<\/strong>, con domicilio en <strong>C\/ COLOMERA 69-70, POL. IND. FUENTE GRANADA, de ALCAL\u00c1 LA REAL (JA\u00c9N)<\/strong> e inscrita en el <strong>Registro Mercantil de Ja\u00e9n del Tomo 508, Folio 163, inscripciones 1\u00ba y 2\u00ba, Hoja J-19.412 con CIF n\u00ba B-84783216<\/strong>, entidad dedicada a la importaci\u00f3n y exportaci\u00f3n de productos alimenticios y la explotaci\u00f3n agr\u00edcola. <strong>ORIGEN NOVECIENTOS S.L.<\/strong>, por medio del Sitio Web, da a conocer la relaci\u00f3n de productos y servicios que ofrece. Asimismo, se establece que la utilizaci\u00f3n del nombre de dominio <strong>www.aceitenovecientos.com<\/strong> , est\u00e1 debidamente registrado por el titular del Sitio Web con todas las garant\u00edas, habiendo sido comunicado previamente al <strong>Registro Mercantil en cumplimiento de la Ley 34\/2002, de 11 de julio, de Servicios de la Sociedad de la Informaci\u00f3n y del Comercio Electr\u00f3nico<\/strong>.<\/p>\n<p>El Sitio Web se reserva el derecho a la modificaci\u00f3n unilateral de las presentes Condiciones Generales de Uso sin previo aviso a los Usuarios por mejoras, cambios, nuevos servicios introducidos en el web site o cuando sea el propio WEB SITE el que lo considere necesario.<\/p>\n<h2>Condiciones de acceso y utilizaci\u00f3n del web site<\/h2>\n<p>El acceso al tiene car\u00e1cter gratuito, no siendo necesario la previa suscripci\u00f3n o el registro del usuario para acceder a los servicios prestados o para la correcta navegaci\u00f3n en el propio Sitio Web.<\/p>\n<p>Asimismo, el usuario se compromete a la utilizaci\u00f3n correcta del Sitio Web y de los servicios prestados en \u00e9l mismo conforme a las presentes Condiciones Generales, de acuerdo con lo establecido en la ley, la moral y las buenas costumbres generalmente aceptadas.<\/p>\n<h3>Obligaciones de las partes:<\/h3>\n<p>Ambas partes se comprometen al cumplimiento de lo establecido en las Condiciones Generales. La renuncia expresa de alguna de las obligaciones contenidas en el presente documento por cualquiera de las partes no implica la renuncia al resto de las obligaciones aqu\u00ed estipuladas.<\/p>\n<h4>Obligaciones del Usuario:<\/h4>\n<h5>REGISTRO DE USUARIOS.<\/h5>\n<p>(I) El Nombre de Usuario y la Contrase\u00f1a escogidos por el Usuario permitir\u00e1n en todo momento el acceso del titular de los mismos a todos los servicios restringidos del Portal.<\/p>\n<p>El Usuario se compromete, a facilitar en el momento de registrarse en el Portal, aquellos datos que fueran necesarios para establecer y obtener su identificaci\u00f3n. Por este motivo, los datos deber\u00e1n ser veraces, exactos y puestos al d\u00eda, pudiendo el Sitio Web\u00a0cancelar el mencionado registro de manera unilateral si tiene la fundada sospecha sobre la falsedad de los mismos. El tratamiento de estos datos se har\u00e1 conforme a lo expuesto en la Pol\u00edtica de Privacidad del Sitio Web.<\/p>\n<p>(II) El Sitio Web\u00a0se reserva el derecho a conceder, bloquear o anular el acceso al Portal cuando no se cumplan los requisitos profesionales o incumplan los Usuarios alguno de los preceptos recogidos en estas Condiciones.<\/p>\n<p>(III) La Contrase\u00f1a y el nombre entregados, son absolutamente personales e intransferibles, no pueden ser cedidos, ni temporal ni definitivamente a ninguna otra persona. Habr\u00e1 de hacerse un uso responsable y diligente de la contrase\u00f1a, manteni\u00e9ndola en secreto. Se recomienda cambiar la contrase\u00f1a escogida cada cierto tiempo.<\/p>\n<p>Ser\u00e1n responsabilidad del Usuario que no cumpla con las normas aqu\u00ed establecidas en materia de confidencialidad del nombre y contrase\u00f1a, todos aquellos da\u00f1os y perjuicios que pudieran sufrir, bien el propio Portal, bien cualquiera de los otros Usuarios y Proveedores del web site, por el mal uso que hiciera cualquier tercero no autorizado por EL PORTAL.<\/p>\n<h5>OBLIGACIONES DEL USUARIO.<\/h5>\n<p>(I) El Usuario se compromete en todo momento a utilizar el Sitio Web\u00a0y los servicios que \u00e9ste incluye de manera diligente, actuando dentro de la legalidad y sin apartarse de las reglas de uso y convivencia de Internet, no s\u00f3lo en las acciones realizadas, sino tambi\u00e9n en cuanto a la finalidad perseguida con las mismas.<\/p>\n<p>(II) En consonancia con el p\u00e1rrafo anterior, el Usuario se abstendr\u00e1 de realizar cualquier acto que pueda da\u00f1ar, menoscabar la capacidad, o inutilizar el sistema total o parcialmente, impidiendo o perturbando el normal uso de los servicios por parte del resto de los Usuarios.<\/p>\n<p>(III) Bajo ninguna circunstancia el Usuario se valdr\u00e1 de los servicios ofrecidos por el Sitio Web\u00a0para publicar, divulgar, anunciar, introducir, almacenar o distribuir, etc., cualquier material, asunto o informaci\u00f3n con contenidos o propaganda obscenos, pornogr\u00e1ficos, abusivos, difamatorios, injurioso, amenazador, xen\u00f3fobo, de apolog\u00eda del terrorismo o ilegales, que de cualquier forma atenten contra la moral, el orden p\u00fablico, los derechos fundamentales, las libertades p\u00fablicas, el honor, la intimidad o la imagen de terceros y en general la normativa vigente.<\/p>\n<p>(IV) Tambi\u00e9n se compromete el Usuario a no incluir, introducir, almacenar o difundir mediante el Portal o a trav\u00e9s de cualquiera de los servicios y no utilizar en relaci\u00f3n con los mismos, ning\u00fan programa de ordenador, dato, archivo defectuoso, virus, c\u00f3digo, o cualquier otro instrumento o dispositivo que sea susceptible de causar da\u00f1os en EL PORTAL, en cualquiera de los servicios, o en cualesquiera equipos, sistemas o redes del Sitio Web, de cualquier Usuario, Proveedor o tercero, o que de otra forma sea capaz de causarles cualquier tipo de alteraci\u00f3n o impedir el normal funcionamiento de los mismos.<\/p>\n<p>(V) El Usuario se abstendr\u00e1 de reproducir, copiar, distribuir, modificar o eliminar cualquier contenido susceptible de ser protegido por las normas de Propiedad Intelectual e Industrial, sin la preceptiva autorizaci\u00f3n del leg\u00edtimo titular de los derechos sobre los mencionados contenidos. De igual manera, no permitir\u00e1 el acceso a terceros no autorizados a trav\u00e9s de cualquier medio de comunicaci\u00f3n p\u00fablica al Sitio Web ni a sus servicios.<\/p>\n<p>(VI) Utilizar los contenidos y en particular la informaci\u00f3n obtenida a trav\u00e9s del Portal o de cualquiera de los productos y\/o servicios para remitir publicidad, enviar mensajes con fines de venta directa o con cualquier otro fin comercial, ni para recoger o almacenar datos personales de terceros.<\/p>\n<h5>REVOCACI\u00d3N DE LA CONDICI\u00d3N DE USUARIO<\/h5>\n<p>(I) El Sitio Web\u00a0se reserva el derecho de revocar la condici\u00f3n de Usuario a cualquiera de los mismos. Esta revocaci\u00f3n puede tener car\u00e1cter unilateral sin posibilidad de reclamaci\u00f3n alguna y la aceptaci\u00f3n de estas condiciones as\u00ed lo implica.<\/p>\n<p>La revocaci\u00f3n vendr\u00e1 motivada por:<\/p>\n<p>\u2013 La decisi\u00f3n unilateral del Sitio Web de cambiar su estrategia comercial en cualquier direcci\u00f3n.<\/p>\n<p>\u2013 Por el incumplimiento por parte del Usuario de cualquiera de las Condiciones aqu\u00ed recogidas.<\/p>\n<p>El Sitio Web\u00a0podr\u00e1 con car\u00e1cter unilateral y sin previo aviso revocar los accesos del Usuario, bloqueando su contrase\u00f1a, temporal o definitivamente, neg\u00e1ndole as\u00ed su condici\u00f3n de Usuario del Portal de Internet.<\/p>\n<p>La cesaci\u00f3n de la condici\u00f3n de Usuario del Portal supone la p\u00e9rdida de cualquier privilegio o derecho adquirido por el Usuario en relaci\u00f3n con los proveedores de productos y servicios en el marco del Portal.<\/p>\n<h4>Obligaciones del Sitio Web<\/h4>\n<p>El Sitio Web se compromete a garantizar unos est\u00e1ndares m\u00ednimos de calidad y seguridad de acuerdo con los usos comunes de Internet. Esto faculta al Usuario el acceso libre y voluntario al Sitio Web a excepci\u00f3n de los problemas t\u00e9cnicos que puedan ocasionarse. Asimismo, no se garantiza que el sistema se encuentre libre de fallos, por cualquier reparaci\u00f3n o actualizaci\u00f3n que se pueda realizar, pudiendo provocar en ciertos casos la suspensi\u00f3n del mismo, procurando el Sitio Web solucionar las incidencias ocasionadas en el menor tiempo posible conforme al estado de la tecnolog\u00eda.<\/p>\n<p>El Sitio Web\u00a0proporciona a los Usuarios la posibilidad de ponerse en contacto debiendo rellenar un formulario con datos personales. Por tanto, se compromete tambi\u00e9n a contestar en el menor tiempo posible a todas aquellas quejas y\/o consultas y todas las cuestiones planteadas por los Usuarios del Sitio Web.<\/p>\n<h4>Responsabilidades<\/h4>\n<p>El Usuario ser\u00e1 responsable de los da\u00f1os y perjuicios que pudieran ocasionar al WEB SITE o a terceros por incumplimiento de las presentes condiciones generales o por la realizaci\u00f3n de cualquier actividad contraria a las leyes, a la moral y a las buenas costumbres.<\/p>\n<p>El Sitio Web no ser\u00e1 responsable por la indisponibilidad o no continuidad del mismo ni tampoco de los fallos que pudieran producirse en las comunicaciones, incluso en el borrado de datos, transmisiones incompletas o demoras en la remisi\u00f3n, no comprometi\u00e9ndose en ning\u00fan caso a que la red est\u00e9 operativa ininterrumpidamente.<\/p>\n<p>El Sitio Web no se responsabiliza por los posibles da\u00f1os causados por p\u00e9rdida de datos o infestaci\u00f3n del sistema del Usuarios a trav\u00e9s de cualquier tipo de virus. Por contraposici\u00f3n, El\u00a0Sitio Web podr\u00e1 iniciar acciones judiciales contra los Usuarios y terceros ajenos al Sitio Web que pudieran ser responsables de da\u00f1os causados al Sitio Web y a terceras personas por la introducci\u00f3n de cualquier tipo de software nocivo (virus, troyanos, etc.).<\/p>\n<h5>Hiperv\u00ednculos o enlaces:<\/h5>\n<p>Los Usuarios y, en general, aquellas personas que se propongan establecer un hiperv\u00ednculo entre su p\u00e1gina web y el Sitio Web deber\u00e1n cumplir las condiciones siguientes:<\/p>\n<p>a) Se permitir\u00e1 s\u00f3lo el acceso a la home-page o p\u00e1gina de inicio del Sitio Web.<\/p>\n<p>b) No se crear\u00e1 un frame sobre las p\u00e1ginas web del Sitio Web;<\/p>\n<p>c) No se realizar\u00e1n manifestaciones o indicaciones falsas, inexactas o incorrectas sobre el Sitio Web, sus servicios, o cualquier relaci\u00f3n con terceros.<\/p>\n<p>d) No se declarar\u00e1 ni se dar\u00e1 a entender cualquier relaci\u00f3n entre el web donde se ha incluido el enlace y el Sitio Web.<\/p>\n<p>e) La p\u00e1gina web en la que se establezca el hiperv\u00ednculo no contendr\u00e1 informaciones o contenidos il\u00edcitos, contrarios al orden p\u00fablico, as\u00ed como tampoco contendr\u00e1 contenidos contrarios a cualesquier derecho de terceros.<\/p>\n<p>De los enlaces existentes en el Sitio Web, <strong>ORIGEN NOVECIENTOS S.L.<\/strong> no se hace responsable de su contenido, al no ejercer influencia sobre ellos, aunque hayan sido realizados por ellos. Por tanto, el Sitio Web no responder\u00e1 por los contenidos existentes en los enlaces ni responder\u00e1 por los da\u00f1os y perjuicios ocasionados a tercero como consecuencia del enlace.<\/p>\n<h5>Protecci\u00f3n de Datos de car\u00e1cter Personal<\/h5>\n<p>Para m\u00e1s informaci\u00f3n en materia de Protecci\u00f3n de Datos v\u00e9ase lo dispuesto en el apartado de Pol\u00edtica de Privacidad.<\/p>\n<h5>Propiedad intelectual e industrial.<\/h5>\n<p>Todos los contenidos accesibles a trav\u00e9s del Sitio Web y relacionados con los servicios prestados por El\u00a0Sitio Web est\u00e1n sujetos a derechos de propiedad intelectual e industrial del Sitio Web o de terceros titulares de los mismos. Todos los derechos de propiedad industrial e intelectual sobre este Sitio Web est\u00e1n legalmente reservados. Corresponde al Sitio Web el ejercicio exclusivo de los derechos de explotaci\u00f3n de los mismos en cualquier forma.<\/p>\n<p>En ning\u00fan caso el acceso al Sitio Web implica ning\u00fan tipo de renuncia, transmisi\u00f3n o cesi\u00f3n total ni parcial de dichos derechos, ni confiere ning\u00fan derecho de utilizaci\u00f3n, alteraci\u00f3n, explotaci\u00f3n, reproducci\u00f3n, distribuci\u00f3n o comunicaci\u00f3n p\u00fablica sobre dichos contenidos sin la previa y expresa autorizaci\u00f3n espec\u00edficamente otorgada a tal efecto por parte del Sitio Web o del tercero titular de los derechos afectados.<\/p>\n<p>Todo el contenido de este Sitio Web, as\u00ed como la estructura, selecci\u00f3n, ordenaci\u00f3n y presentaci\u00f3n de dicho contenido incluyendo software, textos, dise\u00f1os, comentarios, an\u00e1lisis, im\u00e1genes, audio y v\u00eddeo est\u00e1n protegidas por la legislaci\u00f3n vigente en materia de propiedad intelectual. Por lo tanto, no podr\u00e1 ser utilizada en forma diferente a la forma aqu\u00ed indicada. Los derechos de propiedad intelectual del contenido de las p\u00e1ginas web que forman el Sitio Web, tanto su dise\u00f1o gr\u00e1fico y c\u00f3digos como el texto, gr\u00e1ficos, logotipos, iconos, fondo, fotograf\u00edas, im\u00e1genes son titularidad del Sitio Web.<\/p>\n<p>Asimismo, El\u00a0Sitio Web es titular de los elementos que integran el dise\u00f1o gr\u00e1fico de su p\u00e1gina web, los men\u00fas, botones de navegaci\u00f3n, el c\u00f3digo HTML, los textos, im\u00e1genes, texturas, gr\u00e1ficos y cualquier otro contenido de la p\u00e1gina web o, en cualquier caso dispone de la correspondiente autorizaci\u00f3n para la utilizaci\u00f3n de dichos elementos.<\/p>\n<p>Todas las marcas, logotipos, nombres comerciales, signos distintos y anagramas mostrados en esta p\u00e1gina son propiedad del Sitio Web y\/o de terceras empresas. Se proh\u00edbe usarlos o descargarlos permanentemente, copiarlos o distribuirlos por cualquier medio sin el permiso escrito del Sitio Web y\/o de la tercera empresa.<\/p>\n<h2>Ley y Jurisdicci\u00f3n aplicable<\/h2>\n<p>Las presentes Condiciones Generales se regir\u00e1n por las leyes espa\u00f1olas.<\/p>\n<p>En caso de cualquier controversia existente entre las partes ya sea por incumplimiento, falta de entendimiento, interpretaci\u00f3n o ejecuci\u00f3n, ambas partes acuerdan de forma expresa, salvo disposici\u00f3n legal aplicable en contra, a la jurisdicci\u00f3n existente en la\u00a0<a href=\"https:\/\/webgate.ec.europa.eu\/odr\/main\/index.cfm?event=main.home.show&amp;lng=ES\">Resoluci\u00f3n de litigios en l\u00ednea<\/a>.<\/p>\n<p>\u00a9 Copyright 2017. <strong>ORIGEN NOVECIENTOS S.L.<\/strong>. Todos los derechos reservados y registrados. Prohibida su reproducci\u00f3n total o parcial.<\/p>\n\n\t\t<\/div>\n\t<\/div>\n<\/div><\/div><\/div><\/div>","protected":false},"excerpt":{"rendered":"El objeto de las presentes Condiciones Generales de Uso del Sitio Web\u00a0es la regulaci\u00f3n, estipulaci\u00f3n y establecimiento de una normativa o pautas de obligado cumplimiento sobre el uso, utilizaci\u00f3n de productos y servicios del Sitio Web emplazado en la URL www.aceitenovecientos.com. La utilizaci\u00f3n del Sitio Web atribuye la condici\u00f3n de Usuario y por el acceso [...]","protected":false},"author":1,"featured_media":0,"parent":0,"menu_order":0,"comment_status":"closed","ping_status":"closed","template":"","meta":{"footnotes":""},"class_list":["post-167","page","type-page","status-publish","hentry"],"yoast_head":"<!-- This site is optimized with the Yoast SEO plugin v24.1 - https:\/\/yoast.com\/wordpress\/plugins\/seo\/ -->\n<title>Aviso Legal - Aceite Novecientos<\/title>\n<meta name=\"robots\" content=\"noindex, nofollow\" \/>\n<meta property=\"og:locale\" content=\"en_GB\" \/>\n<meta property=\"og:type\" content=\"article\" \/>\n<meta property=\"og:title\" content=\"Aviso Legal - Aceite Novecientos\" \/>\n<meta property=\"og:url\" content=\"https:\/\/www.aceitenovecientos.com\/en\/aviso-legal\/\" \/>\n<meta property=\"og:site_name\" content=\"Aceite Novecientos\" \/>\n<meta property=\"article:publisher\" content=\"https:\/\/www.facebook.com\/aceitenovecientos\/\" \/>\n<meta property=\"article:modified_time\" content=\"2022-01-31T18:56:54+00:00\" \/>\n<meta name=\"twitter:card\" content=\"summary_large_image\" \/>\n<meta name=\"twitter:label1\" content=\"Estimated reading time\" \/>\n\t<meta name=\"twitter:data1\" content=\"12 minutes\" \/>\n<script type=\"application\/ld+json\" class=\"yoast-schema-graph\">{\"@context\":\"https:\/\/schema.org\",\"@graph\":[{\"@type\":\"WebPage\",\"@id\":\"https:\/\/www.aceitenovecientos.com\/aviso-legal\/\",\"url\":\"https:\/\/www.aceitenovecientos.com\/aviso-legal\/\",\"name\":\"Aviso Legal - Aceite Novecientos\",\"isPartOf\":{\"@id\":\"https:\/\/www.aceitenovecientos.com\/#website\"},\"datePublished\":\"2016-08-09T08:00:01+00:00\",\"dateModified\":\"2022-01-31T18:56:54+00:00\",\"breadcrumb\":{\"@id\":\"https:\/\/www.aceitenovecientos.com\/aviso-legal\/#breadcrumb\"},\"inLanguage\":\"en-GB\",\"potentialAction\":[{\"@type\":\"ReadAction\",\"target\":[\"https:\/\/www.aceitenovecientos.com\/aviso-legal\/\"]}]},{\"@type\":\"BreadcrumbList\",\"@id\":\"https:\/\/www.aceitenovecientos.com\/aviso-legal\/#breadcrumb\",\"itemListElement\":[{\"@type\":\"ListItem\",\"position\":1,\"name\":\"Portada\",\"item\":\"https:\/\/www.aceitenovecientos.com\/\"},{\"@type\":\"ListItem\",\"position\":2,\"name\":\"Aviso Legal\"}]},{\"@type\":\"WebSite\",\"@id\":\"https:\/\/www.aceitenovecientos.com\/#website\",\"url\":\"https:\/\/www.aceitenovecientos.com\/\",\"name\":\"Aceite Novecientos\",\"description\":\"Aceite de Oliva de Ja\u00e9n\",\"publisher\":{\"@id\":\"https:\/\/www.aceitenovecientos.com\/#organization\"},\"potentialAction\":[{\"@type\":\"SearchAction\",\"target\":{\"@type\":\"EntryPoint\",\"urlTemplate\":\"https:\/\/www.aceitenovecientos.com\/?s={search_term_string}\"},\"query-input\":{\"@type\":\"PropertyValueSpecification\",\"valueRequired\":true,\"valueName\":\"search_term_string\"}}],\"inLanguage\":\"en-GB\"},{\"@type\":\"Organization\",\"@id\":\"https:\/\/www.aceitenovecientos.com\/#organization\",\"name\":\"Aceite Novecientos\",\"url\":\"https:\/\/www.aceitenovecientos.com\/\",\"logo\":{\"@type\":\"ImageObject\",\"inLanguage\":\"en-GB\",\"@id\":\"https:\/\/www.aceitenovecientos.com\/#\/schema\/logo\/image\/\",\"url\":\"https:\/\/www.aceitenovecientos.com\/wp-content\/uploads\/2021\/12\/logo900-head.webp\",\"contentUrl\":\"https:\/\/www.aceitenovecientos.com\/wp-content\/uploads\/2021\/12\/logo900-head.webp\",\"width\":470,\"height\":110,\"caption\":\"Aceite Novecientos\"},\"image\":{\"@id\":\"https:\/\/www.aceitenovecientos.com\/#\/schema\/logo\/image\/\"},\"sameAs\":[\"https:\/\/www.facebook.com\/aceitenovecientos\/\"]}]}<\/script>\n<!-- \/ Yoast SEO plugin. -->","yoast_head_json":{"title":"Aviso Legal - Aceite Novecientos","robots":{"index":"noindex","follow":"nofollow"},"og_locale":"en_GB","og_type":"article","og_title":"Aviso Legal - Aceite Novecientos","og_url":"https:\/\/www.aceitenovecientos.com\/en\/aviso-legal\/","og_site_name":"Aceite Novecientos","article_publisher":"https:\/\/www.facebook.com\/aceitenovecientos\/","article_modified_time":"2022-01-31T18:56:54+00:00","twitter_card":"summary_large_image","twitter_misc":{"Estimated reading time":"12 minutes"},"schema":{"@context":"https:\/\/schema.org","@graph":[{"@type":"WebPage","@id":"https:\/\/www.aceitenovecientos.com\/aviso-legal\/","url":"https:\/\/www.aceitenovecientos.com\/aviso-legal\/","name":"Aviso Legal - Aceite Novecientos","isPartOf":{"@id":"https:\/\/www.aceitenovecientos.com\/#website"},"datePublished":"2016-08-09T08:00:01+00:00","dateModified":"2022-01-31T18:56:54+00:00","breadcrumb":{"@id":"https:\/\/www.aceitenovecientos.com\/aviso-legal\/#breadcrumb"},"inLanguage":"en-GB","potentialAction":[{"@type":"ReadAction","target":["https:\/\/www.aceitenovecientos.com\/aviso-legal\/"]}]},{"@type":"BreadcrumbList","@id":"https:\/\/www.aceitenovecientos.com\/aviso-legal\/#breadcrumb","itemListElement":[{"@type":"ListItem","position":1,"name":"Portada","item":"https:\/\/www.aceitenovecientos.com\/"},{"@type":"ListItem","position":2,"name":"Aviso Legal"}]},{"@type":"WebSite","@id":"https:\/\/www.aceitenovecientos.com\/#website","url":"https:\/\/www.aceitenovecientos.com\/","name":"Aceite Novecientos","description":"Aceite de Oliva de Ja\u00e9n","publisher":{"@id":"https:\/\/www.aceitenovecientos.com\/#organization"},"potentialAction":[{"@type":"SearchAction","target":{"@type":"EntryPoint","urlTemplate":"https:\/\/www.aceitenovecientos.com\/?s={search_term_string}"},"query-input":{"@type":"PropertyValueSpecification","valueRequired":true,"valueName":"search_term_string"}}],"inLanguage":"en-GB"},{"@type":"Organization","@id":"https:\/\/www.aceitenovecientos.com\/#organization","name":"Aceite Novecientos","url":"https:\/\/www.aceitenovecientos.com\/","logo":{"@type":"ImageObject","inLanguage":"en-GB","@id":"https:\/\/www.aceitenovecientos.com\/#\/schema\/logo\/image\/","url":"https:\/\/www.aceitenovecientos.com\/wp-content\/uploads\/2021\/12\/logo900-head.webp","contentUrl":"https:\/\/www.aceitenovecientos.com\/wp-content\/uploads\/2021\/12\/logo900-head.webp","width":470,"height":110,"caption":"Aceite Novecientos"},"image":{"@id":"https:\/\/www.aceitenovecientos.com\/#\/schema\/logo\/image\/"},"sameAs":["https:\/\/www.facebook.com\/aceitenovecientos\/"]}]}},"_links":{"self":[{"href":"https:\/\/www.aceitenovecientos.com\/en\/wp-json\/wp\/v2\/pages\/167","targetHints":{"allow":["GET"]}}],"collection":[{"href":"https:\/\/www.aceitenovecientos.com\/en\/wp-json\/wp\/v2\/pages"}],"about":[{"href":"https:\/\/www.aceitenovecientos.com\/en\/wp-json\/wp\/v2\/types\/page"}],"author":[{"embeddable":true,"href":"https:\/\/www.aceitenovecientos.com\/en\/wp-json\/wp\/v2\/users\/1"}],"replies":[{"embeddable":true,"href":"https:\/\/www.aceitenovecientos.com\/en\/wp-json\/wp\/v2\/comments?post=167"}],"version-history":[{"count":4,"href":"https:\/\/www.aceitenovecientos.com\/en\/wp-json\/wp\/v2\/pages\/167\/revisions"}],"predecessor-version":[{"id":2932,"href":"https:\/\/www.aceitenovecientos.com\/en\/wp-json\/wp\/v2\/pages\/167\/revisions\/2932"}],"wp:attachment":[{"href":"https:\/\/www.aceitenovecientos.com\/en\/wp-json\/wp\/v2\/media?parent=167"}],"curies":[{"name":"wp","href":"https:\/\/api.w.org\/{rel}","templated":true}]}}