{"id":137,"date":"2016-08-09T07:25:42","date_gmt":"2016-08-09T07:25:42","guid":{"rendered":"http:\/\/www.aceitenovecientos.com\/?page_id=137"},"modified":"2018-05-21T09:23:27","modified_gmt":"2018-05-21T09:23:27","slug":"900-aromatizados","status":"publish","type":"page","link":"https:\/\/www.aceitenovecientos.com\/en\/900-aromatizados\/","title":{"rendered":"900 Aromatizados"},"content":{"rendered":"<h2>Aceite de Oliva Virgen Extra Aromatizado<\/h2>\n<p>Una manera diferente de degustar el mejor AOVE, descubre nuestra gama de aromatizados. Ideal para aquellos que deseen dar un toque especial a sus platos, ya sean dulces o salados. 900 ofrece una amplia gama de aromas y sabores para sacar el mayor provecho. Tanto en nuestro blog, como en las descripciones de cada producto ofrecemos algunas ideas de cuales son los mejores usos. No obstante, si deseas tener a mano un resumen sobre el maridaje de ese producto, puedes descargar el siguiente documento:<\/p>\n<h3><a href=\"http:\/\/www.aceitenovecientos.com\/wp-content\/uploads\/2016\/10\/maridajes.pdf\" target=\"_blank\" rel=\"noopener noreferrer\"><span class=\"boton\">Ver Documento<\/span><\/a><\/h3>\n<h3><strong>Conservaci\u00f3n<\/strong><\/h3>\n<p>Conservar en lugar fresco y seco. Preservar de la luz y del exceso de calor. Al tratarse de un envase transparente, es aconsejable guardarlo dentro de un armario de cocina o trastero, as\u00ed mantendr\u00e1 todas sus propiedades durante muchos meses.<\/p>\n<h3><strong>Beneficios para la salud<\/strong><\/h3>\n<p>Aceite de oliva aromatizado tiene una serie de componentes altamente beneficiosos para la salud.\u00a0 Esto es gracias a sus componentes: las grasas monoinsaturadas, el \u00e1cido oleico, flavonoides, polifenoles, antioxidantes y otros nutrientes antiinflamatorios. Es m\u00e1s, existen m\u00faltiples estudios publicados con las propiedades saludables del AOVE. A modo de resumen vamos a enumerar algunas de ellas:<\/p>\n<ul>\n<li>Ayuda a disminuir el riesgo de enfermedad coronaria y a reducir la presi\u00f3n arterial y los niveles de colesterol malo.<\/li>\n<li>Previene el envejecimiento prematuro y ayuda a la hidrataci\u00f3n de la piel.<\/li>\n<li>Puede ayudar a perder peso debido a la sensaci\u00f3n de saciedad que produce.<\/li>\n<li>Los componentes antiinflamatorios pueden ayudar a reducir dolores asociados a las articulaciones y m\u00fasculos.<\/li>\n<li>En un estudio publicado por la revista cient\u00edfica\u00a0Diabetes Care\u00a0se revel\u00f3 que cualquier dieta mediterr\u00e1nea que tiene aceite de oliva\u00a0es capaz de reducir los casos de diabetes tipo II hasta en un 50%.\u00a0Esto se debe a que el aceite de oliva contiene grasas saludables que podr\u00edan ayudar a regular los niveles de az\u00facar en la sangre y la producci\u00f3n de insulina.<\/li>\n<\/ul>","protected":false},"excerpt":{"rendered":"<p>Aceite de Oliva Virgen Extra Aromatizado Una manera diferente de degustar el mejor AOVE, descubre nuestra gama de aromatizados. Ideal para aquellos que deseen dar un toque especial a sus platos, ya sean dulces o salados. 900 ofrece una amplia gama de aromas y sabores para sacar el mayor provecho. Tanto en nuestro blog, como [&hellip;]<\/p>","protected":false},"author":1,"featured_media":0,"parent":0,"menu_order":0,"comment_status":"closed","ping_status":"closed","template":"","meta":{"footnotes":""},"class_list":["post-137","page","type-page","status-publish","hentry"],"yoast_head":"<!-- This site is optimized with the Yoast SEO plugin v24.1 - https:\/\/yoast.com\/wordpress\/plugins\/seo\/ -->\n<title>Aceite de oliva virgen extra aromatizado con chocolate, naranja...<\/title>\n<meta name=\"description\" content=\"Aceite de oliva virgen extra aromatizado con chocolate, trufablanca, jam\u00f3n serrano, ahumado, naranja, curry y albahaca. Pon sabor en tu mesa.\" \/>\n<meta name=\"robots\" content=\"index, follow, max-snippet:-1, max-image-preview:large, max-video-preview:-1\" \/>\n<link rel=\"canonical\" href=\"https:\/\/www.aceitenovecientos.com\/en\/900-aromatizados\/\" \/>\n<meta property=\"og:locale\" content=\"en_GB\" \/>\n<meta property=\"og:type\" content=\"article\" \/>\n<meta property=\"og:title\" content=\"Aceite de oliva virgen extra aromatizado con chocolate, naranja...\" \/>\n<meta property=\"og:description\" content=\"Aceite de oliva virgen extra aromatizado con chocolate, trufablanca, jam\u00f3n serrano, ahumado, naranja, curry y albahaca. Pon sabor en tu mesa.\" \/>\n<meta property=\"og:url\" content=\"https:\/\/www.aceitenovecientos.com\/en\/900-aromatizados\/\" \/>\n<meta property=\"og:site_name\" content=\"Aceite Novecientos\" \/>\n<meta property=\"article:publisher\" content=\"https:\/\/www.facebook.com\/aceitenovecientos\/\" \/>\n<meta property=\"article:modified_time\" content=\"2018-05-21T09:23:27+00:00\" \/>\n<meta name=\"twitter:card\" content=\"summary_large_image\" \/>\n<meta name=\"twitter:label1\" content=\"Estimated reading time\" \/>\n\t<meta name=\"twitter:data1\" content=\"2 minutes\" \/>\n<script type=\"application\/ld+json\" class=\"yoast-schema-graph\">{\"@context\":\"https:\/\/schema.org\",\"@graph\":[{\"@type\":\"WebPage\",\"@id\":\"https:\/\/www.aceitenovecientos.com\/900-aromatizados\/\",\"url\":\"https:\/\/www.aceitenovecientos.com\/900-aromatizados\/\",\"name\":\"Aceite de oliva virgen extra aromatizado con chocolate, naranja...\",\"isPartOf\":{\"@id\":\"https:\/\/www.aceitenovecientos.com\/#website\"},\"datePublished\":\"2016-08-09T07:25:42+00:00\",\"dateModified\":\"2018-05-21T09:23:27+00:00\",\"description\":\"Aceite de oliva virgen extra aromatizado con chocolate, trufablanca, jam\u00f3n serrano, ahumado, naranja, curry y albahaca. Pon sabor en tu mesa.\",\"breadcrumb\":{\"@id\":\"https:\/\/www.aceitenovecientos.com\/900-aromatizados\/#breadcrumb\"},\"inLanguage\":\"en-GB\",\"potentialAction\":[{\"@type\":\"ReadAction\",\"target\":[\"https:\/\/www.aceitenovecientos.com\/900-aromatizados\/\"]}]},{\"@type\":\"BreadcrumbList\",\"@id\":\"https:\/\/www.aceitenovecientos.com\/900-aromatizados\/#breadcrumb\",\"itemListElement\":[{\"@type\":\"ListItem\",\"position\":1,\"name\":\"Portada\",\"item\":\"https:\/\/www.aceitenovecientos.com\/\"},{\"@type\":\"ListItem\",\"position\":2,\"name\":\"900 Aromatizados\"}]},{\"@type\":\"WebSite\",\"@id\":\"https:\/\/www.aceitenovecientos.com\/#website\",\"url\":\"https:\/\/www.aceitenovecientos.com\/\",\"name\":\"Aceite Novecientos\",\"description\":\"Aceite de Oliva de Ja\u00e9n\",\"publisher\":{\"@id\":\"https:\/\/www.aceitenovecientos.com\/#organization\"},\"potentialAction\":[{\"@type\":\"SearchAction\",\"target\":{\"@type\":\"EntryPoint\",\"urlTemplate\":\"https:\/\/www.aceitenovecientos.com\/?s={search_term_string}\"},\"query-input\":{\"@type\":\"PropertyValueSpecification\",\"valueRequired\":true,\"valueName\":\"search_term_string\"}}],\"inLanguage\":\"en-GB\"},{\"@type\":\"Organization\",\"@id\":\"https:\/\/www.aceitenovecientos.com\/#organization\",\"name\":\"Aceite Novecientos\",\"url\":\"https:\/\/www.aceitenovecientos.com\/\",\"logo\":{\"@type\":\"ImageObject\",\"inLanguage\":\"en-GB\",\"@id\":\"https:\/\/www.aceitenovecientos.com\/#\/schema\/logo\/image\/\",\"url\":\"https:\/\/www.aceitenovecientos.com\/wp-content\/uploads\/2021\/12\/logo900-head.webp\",\"contentUrl\":\"https:\/\/www.aceitenovecientos.com\/wp-content\/uploads\/2021\/12\/logo900-head.webp\",\"width\":470,\"height\":110,\"caption\":\"Aceite Novecientos\"},\"image\":{\"@id\":\"https:\/\/www.aceitenovecientos.com\/#\/schema\/logo\/image\/\"},\"sameAs\":[\"https:\/\/www.facebook.com\/aceitenovecientos\/\"]}]}<\/script>\n<!-- \/ Yoast SEO plugin. -->","yoast_head_json":{"title":"Aceite de oliva virgen extra aromatizado con chocolate, naranja...","description":"Aceite de oliva virgen extra aromatizado con chocolate, trufablanca, jam\u00f3n serrano, ahumado, naranja, curry y albahaca. Pon sabor en tu mesa.","robots":{"index":"index","follow":"follow","max-snippet":"max-snippet:-1","max-image-preview":"max-image-preview:large","max-video-preview":"max-video-preview:-1"},"canonical":"https:\/\/www.aceitenovecientos.com\/en\/900-aromatizados\/","og_locale":"en_GB","og_type":"article","og_title":"Aceite de oliva virgen extra aromatizado con chocolate, naranja...","og_description":"Aceite de oliva virgen extra aromatizado con chocolate, trufablanca, jam\u00f3n serrano, ahumado, naranja, curry y albahaca. Pon sabor en tu mesa.","og_url":"https:\/\/www.aceitenovecientos.com\/en\/900-aromatizados\/","og_site_name":"Aceite Novecientos","article_publisher":"https:\/\/www.facebook.com\/aceitenovecientos\/","article_modified_time":"2018-05-21T09:23:27+00:00","twitter_card":"summary_large_image","twitter_misc":{"Estimated reading time":"2 minutes"},"schema":{"@context":"https:\/\/schema.org","@graph":[{"@type":"WebPage","@id":"https:\/\/www.aceitenovecientos.com\/900-aromatizados\/","url":"https:\/\/www.aceitenovecientos.com\/900-aromatizados\/","name":"Aceite de oliva virgen extra aromatizado con chocolate, naranja...","isPartOf":{"@id":"https:\/\/www.aceitenovecientos.com\/#website"},"datePublished":"2016-08-09T07:25:42+00:00","dateModified":"2018-05-21T09:23:27+00:00","description":"Aceite de oliva virgen extra aromatizado con chocolate, trufablanca, jam\u00f3n serrano, ahumado, naranja, curry y albahaca. Pon sabor en tu mesa.","breadcrumb":{"@id":"https:\/\/www.aceitenovecientos.com\/900-aromatizados\/#breadcrumb"},"inLanguage":"en-GB","potentialAction":[{"@type":"ReadAction","target":["https:\/\/www.aceitenovecientos.com\/900-aromatizados\/"]}]},{"@type":"BreadcrumbList","@id":"https:\/\/www.aceitenovecientos.com\/900-aromatizados\/#breadcrumb","itemListElement":[{"@type":"ListItem","position":1,"name":"Portada","item":"https:\/\/www.aceitenovecientos.com\/"},{"@type":"ListItem","position":2,"name":"900 Aromatizados"}]},{"@type":"WebSite","@id":"https:\/\/www.aceitenovecientos.com\/#website","url":"https:\/\/www.aceitenovecientos.com\/","name":"Aceite Novecientos","description":"Aceite de Oliva de Ja\u00e9n","publisher":{"@id":"https:\/\/www.aceitenovecientos.com\/#organization"},"potentialAction":[{"@type":"SearchAction","target":{"@type":"EntryPoint","urlTemplate":"https:\/\/www.aceitenovecientos.com\/?s={search_term_string}"},"query-input":{"@type":"PropertyValueSpecification","valueRequired":true,"valueName":"search_term_string"}}],"inLanguage":"en-GB"},{"@type":"Organization","@id":"https:\/\/www.aceitenovecientos.com\/#organization","name":"Aceite Novecientos","url":"https:\/\/www.aceitenovecientos.com\/","logo":{"@type":"ImageObject","inLanguage":"en-GB","@id":"https:\/\/www.aceitenovecientos.com\/#\/schema\/logo\/image\/","url":"https:\/\/www.aceitenovecientos.com\/wp-content\/uploads\/2021\/12\/logo900-head.webp","contentUrl":"https:\/\/www.aceitenovecientos.com\/wp-content\/uploads\/2021\/12\/logo900-head.webp","width":470,"height":110,"caption":"Aceite Novecientos"},"image":{"@id":"https:\/\/www.aceitenovecientos.com\/#\/schema\/logo\/image\/"},"sameAs":["https:\/\/www.facebook.com\/aceitenovecientos\/"]}]}},"_links":{"self":[{"href":"https:\/\/www.aceitenovecientos.com\/en\/wp-json\/wp\/v2\/pages\/137","targetHints":{"allow":["GET"]}}],"collection":[{"href":"https:\/\/www.aceitenovecientos.com\/en\/wp-json\/wp\/v2\/pages"}],"about":[{"href":"https:\/\/www.aceitenovecientos.com\/en\/wp-json\/wp\/v2\/types\/page"}],"author":[{"embeddable":true,"href":"https:\/\/www.aceitenovecientos.com\/en\/wp-json\/wp\/v2\/users\/1"}],"replies":[{"embeddable":true,"href":"https:\/\/www.aceitenovecientos.com\/en\/wp-json\/wp\/v2\/comments?post=137"}],"version-history":[{"count":3,"href":"https:\/\/www.aceitenovecientos.com\/en\/wp-json\/wp\/v2\/pages\/137\/revisions"}],"predecessor-version":[{"id":1402,"href":"https:\/\/www.aceitenovecientos.com\/en\/wp-json\/wp\/v2\/pages\/137\/revisions\/1402"}],"wp:attachment":[{"href":"https:\/\/www.aceitenovecientos.com\/en\/wp-json\/wp\/v2\/media?parent=137"}],"curies":[{"name":"wp","href":"https:\/\/api.w.org\/{rel}","templated":true}]}}