{"id":135,"date":"2016-08-09T07:25:26","date_gmt":"2016-08-09T07:25:26","guid":{"rendered":"http:\/\/www.aceitenovecientos.com\/?page_id=135"},"modified":"2018-07-09T12:54:48","modified_gmt":"2018-07-09T12:54:48","slug":"aceite-de-oliva-virgen-extra-ecologico-organic-900","status":"publish","type":"page","link":"https:\/\/www.aceitenovecientos.com\/en\/aceite-de-oliva-virgen-extra-ecologico-organic-900\/","title":{"rendered":"900 Organic"},"content":{"rendered":"<h2><strong>Aceite de Oliva Virgen Extra Ecol\u00f3gico<\/strong><\/h2>\n<p>El aceite de oliva virgen extra ecol\u00f3gico procede de olivos de agricultura ecol\u00f3gica. La producci\u00f3n de estos cultivos ecol\u00f3gicos est\u00e1 garantizada y certificada por CAAE (Comit\u00e9 Andaluz de Agricultura Ecol\u00f3gica). Sus caracter\u00edsticas principales son las siguientes:<\/p>\n<ul>\n<li>En primer lugar, el esmero y cuidado que se pone en el cultivo. Desde la recolecci\u00f3n, clasificaci\u00f3n del fruto, transporte, recepci\u00f3n, molturaci\u00f3n y almacenamiento en bodega. El objetivo es asegurar desde el origen hasta el final que el fruto es de origen ecol\u00f3gico.<\/li>\n<li>Eliminaci\u00f3n de la aplicaci\u00f3n de productos qu\u00edmicos de s\u00edntesis, utiliz\u00e1ndose \u00fanicamente fertilizantes de origen natural. Respeto del medio ambiente y los ciclos biol\u00f3gicos del sistema agrario mediante la reinserci\u00f3n de las especies aut\u00f3ctonas de la cubierta vegetal. Se facilita la regeneraci\u00f3n de todo el ecosistema de insectos, p\u00e1jaros, reptiles y fauna de la zona. Todo ello garantizando la calidad nutritiva y sensorial del producto.<\/li>\n<li>Por \u00faltimo, como consecuencia se crea una conciencia, tanto del agricultor como del consumidor, por el cuidado del medio ambiente y la protecci\u00f3n del entorno natural. Por lo tanto, de este modo se garantiza la obtenci\u00f3n de un producto natural altamente beneficioso para la salud.<\/li>\n<\/ul>","protected":false},"excerpt":{"rendered":"<p>Aceite de Oliva Virgen Extra Ecol\u00f3gico El aceite de oliva virgen extra ecol\u00f3gico procede de olivos de agricultura ecol\u00f3gica. La producci\u00f3n de estos cultivos ecol\u00f3gicos est\u00e1 garantizada y certificada por CAAE (Comit\u00e9 Andaluz de Agricultura Ecol\u00f3gica). Sus caracter\u00edsticas principales son las siguientes: En primer lugar, el esmero y cuidado que se pone en el cultivo. [&hellip;]<\/p>","protected":false},"author":1,"featured_media":0,"parent":0,"menu_order":0,"comment_status":"closed","ping_status":"closed","template":"","meta":{"footnotes":""},"class_list":["post-135","page","type-page","status-publish","hentry"],"yoast_head":"<!-- This site is optimized with the Yoast SEO plugin v24.1 - https:\/\/yoast.com\/wordpress\/plugins\/seo\/ -->\n<title>Aceite de Oliva Virgen Extra Ecol\u00f3gico Organic 900 - Aceite 900<\/title>\n<meta name=\"description\" content=\"Aceite de Oliva Virgen Extra Ecol\u00f3gico Organic 900. Procede de la agricultura ecol\u00f3gica sin qu\u00edmicos, en un entorno natural. Respetando el medio ambiente.\" \/>\n<meta name=\"robots\" content=\"index, follow, max-snippet:-1, max-image-preview:large, max-video-preview:-1\" \/>\n<link rel=\"canonical\" href=\"https:\/\/www.aceitenovecientos.com\/en\/aceite-de-oliva-virgen-extra-ecologico-organic-900\/\" \/>\n<meta property=\"og:locale\" content=\"en_GB\" \/>\n<meta property=\"og:type\" content=\"article\" \/>\n<meta property=\"og:title\" content=\"Aceite de Oliva Virgen Extra Ecol\u00f3gico Organic 900 - Aceite 900\" \/>\n<meta property=\"og:description\" content=\"Aceite de Oliva Virgen Extra Ecol\u00f3gico Organic 900. Procede de la agricultura ecol\u00f3gica sin qu\u00edmicos, en un entorno natural. Respetando el medio ambiente.\" \/>\n<meta property=\"og:url\" content=\"https:\/\/www.aceitenovecientos.com\/en\/aceite-de-oliva-virgen-extra-ecologico-organic-900\/\" \/>\n<meta property=\"og:site_name\" content=\"Aceite Novecientos\" \/>\n<meta property=\"article:publisher\" content=\"https:\/\/www.facebook.com\/aceitenovecientos\/\" \/>\n<meta property=\"article:modified_time\" content=\"2018-07-09T12:54:48+00:00\" \/>\n<meta name=\"twitter:card\" content=\"summary_large_image\" \/>\n<meta name=\"twitter:label1\" content=\"Estimated reading time\" \/>\n\t<meta name=\"twitter:data1\" content=\"1 minute\" \/>\n<script type=\"application\/ld+json\" class=\"yoast-schema-graph\">{\"@context\":\"https:\/\/schema.org\",\"@graph\":[{\"@type\":\"WebPage\",\"@id\":\"https:\/\/www.aceitenovecientos.com\/aceite-de-oliva-virgen-extra-ecologico-organic-900\/\",\"url\":\"https:\/\/www.aceitenovecientos.com\/aceite-de-oliva-virgen-extra-ecologico-organic-900\/\",\"name\":\"Aceite de Oliva Virgen Extra Ecol\u00f3gico Organic 900 - Aceite 900\",\"isPartOf\":{\"@id\":\"https:\/\/www.aceitenovecientos.com\/#website\"},\"datePublished\":\"2016-08-09T07:25:26+00:00\",\"dateModified\":\"2018-07-09T12:54:48+00:00\",\"description\":\"Aceite de Oliva Virgen Extra Ecol\u00f3gico Organic 900. Procede de la agricultura ecol\u00f3gica sin qu\u00edmicos, en un entorno natural. Respetando el medio ambiente.\",\"breadcrumb\":{\"@id\":\"https:\/\/www.aceitenovecientos.com\/aceite-de-oliva-virgen-extra-ecologico-organic-900\/#breadcrumb\"},\"inLanguage\":\"en-GB\",\"potentialAction\":[{\"@type\":\"ReadAction\",\"target\":[\"https:\/\/www.aceitenovecientos.com\/aceite-de-oliva-virgen-extra-ecologico-organic-900\/\"]}]},{\"@type\":\"BreadcrumbList\",\"@id\":\"https:\/\/www.aceitenovecientos.com\/aceite-de-oliva-virgen-extra-ecologico-organic-900\/#breadcrumb\",\"itemListElement\":[{\"@type\":\"ListItem\",\"position\":1,\"name\":\"Portada\",\"item\":\"https:\/\/www.aceitenovecientos.com\/\"},{\"@type\":\"ListItem\",\"position\":2,\"name\":\"900 Organic\"}]},{\"@type\":\"WebSite\",\"@id\":\"https:\/\/www.aceitenovecientos.com\/#website\",\"url\":\"https:\/\/www.aceitenovecientos.com\/\",\"name\":\"Aceite Novecientos\",\"description\":\"Aceite de Oliva de Ja\u00e9n\",\"publisher\":{\"@id\":\"https:\/\/www.aceitenovecientos.com\/#organization\"},\"potentialAction\":[{\"@type\":\"SearchAction\",\"target\":{\"@type\":\"EntryPoint\",\"urlTemplate\":\"https:\/\/www.aceitenovecientos.com\/?s={search_term_string}\"},\"query-input\":{\"@type\":\"PropertyValueSpecification\",\"valueRequired\":true,\"valueName\":\"search_term_string\"}}],\"inLanguage\":\"en-GB\"},{\"@type\":\"Organization\",\"@id\":\"https:\/\/www.aceitenovecientos.com\/#organization\",\"name\":\"Aceite Novecientos\",\"url\":\"https:\/\/www.aceitenovecientos.com\/\",\"logo\":{\"@type\":\"ImageObject\",\"inLanguage\":\"en-GB\",\"@id\":\"https:\/\/www.aceitenovecientos.com\/#\/schema\/logo\/image\/\",\"url\":\"https:\/\/www.aceitenovecientos.com\/wp-content\/uploads\/2021\/12\/logo900-head.webp\",\"contentUrl\":\"https:\/\/www.aceitenovecientos.com\/wp-content\/uploads\/2021\/12\/logo900-head.webp\",\"width\":470,\"height\":110,\"caption\":\"Aceite Novecientos\"},\"image\":{\"@id\":\"https:\/\/www.aceitenovecientos.com\/#\/schema\/logo\/image\/\"},\"sameAs\":[\"https:\/\/www.facebook.com\/aceitenovecientos\/\"]}]}<\/script>\n<!-- \/ Yoast SEO plugin. -->","yoast_head_json":{"title":"Aceite de Oliva Virgen Extra Ecol\u00f3gico Organic 900 - Aceite 900","description":"Aceite de Oliva Virgen Extra Ecol\u00f3gico Organic 900. Procede de la agricultura ecol\u00f3gica sin qu\u00edmicos, en un entorno natural. Respetando el medio ambiente.","robots":{"index":"index","follow":"follow","max-snippet":"max-snippet:-1","max-image-preview":"max-image-preview:large","max-video-preview":"max-video-preview:-1"},"canonical":"https:\/\/www.aceitenovecientos.com\/en\/aceite-de-oliva-virgen-extra-ecologico-organic-900\/","og_locale":"en_GB","og_type":"article","og_title":"Aceite de Oliva Virgen Extra Ecol\u00f3gico Organic 900 - Aceite 900","og_description":"Aceite de Oliva Virgen Extra Ecol\u00f3gico Organic 900. Procede de la agricultura ecol\u00f3gica sin qu\u00edmicos, en un entorno natural. Respetando el medio ambiente.","og_url":"https:\/\/www.aceitenovecientos.com\/en\/aceite-de-oliva-virgen-extra-ecologico-organic-900\/","og_site_name":"Aceite Novecientos","article_publisher":"https:\/\/www.facebook.com\/aceitenovecientos\/","article_modified_time":"2018-07-09T12:54:48+00:00","twitter_card":"summary_large_image","twitter_misc":{"Estimated reading time":"1 minute"},"schema":{"@context":"https:\/\/schema.org","@graph":[{"@type":"WebPage","@id":"https:\/\/www.aceitenovecientos.com\/aceite-de-oliva-virgen-extra-ecologico-organic-900\/","url":"https:\/\/www.aceitenovecientos.com\/aceite-de-oliva-virgen-extra-ecologico-organic-900\/","name":"Aceite de Oliva Virgen Extra Ecol\u00f3gico Organic 900 - Aceite 900","isPartOf":{"@id":"https:\/\/www.aceitenovecientos.com\/#website"},"datePublished":"2016-08-09T07:25:26+00:00","dateModified":"2018-07-09T12:54:48+00:00","description":"Aceite de Oliva Virgen Extra Ecol\u00f3gico Organic 900. Procede de la agricultura ecol\u00f3gica sin qu\u00edmicos, en un entorno natural. Respetando el medio ambiente.","breadcrumb":{"@id":"https:\/\/www.aceitenovecientos.com\/aceite-de-oliva-virgen-extra-ecologico-organic-900\/#breadcrumb"},"inLanguage":"en-GB","potentialAction":[{"@type":"ReadAction","target":["https:\/\/www.aceitenovecientos.com\/aceite-de-oliva-virgen-extra-ecologico-organic-900\/"]}]},{"@type":"BreadcrumbList","@id":"https:\/\/www.aceitenovecientos.com\/aceite-de-oliva-virgen-extra-ecologico-organic-900\/#breadcrumb","itemListElement":[{"@type":"ListItem","position":1,"name":"Portada","item":"https:\/\/www.aceitenovecientos.com\/"},{"@type":"ListItem","position":2,"name":"900 Organic"}]},{"@type":"WebSite","@id":"https:\/\/www.aceitenovecientos.com\/#website","url":"https:\/\/www.aceitenovecientos.com\/","name":"Aceite Novecientos","description":"Aceite de Oliva de Ja\u00e9n","publisher":{"@id":"https:\/\/www.aceitenovecientos.com\/#organization"},"potentialAction":[{"@type":"SearchAction","target":{"@type":"EntryPoint","urlTemplate":"https:\/\/www.aceitenovecientos.com\/?s={search_term_string}"},"query-input":{"@type":"PropertyValueSpecification","valueRequired":true,"valueName":"search_term_string"}}],"inLanguage":"en-GB"},{"@type":"Organization","@id":"https:\/\/www.aceitenovecientos.com\/#organization","name":"Aceite Novecientos","url":"https:\/\/www.aceitenovecientos.com\/","logo":{"@type":"ImageObject","inLanguage":"en-GB","@id":"https:\/\/www.aceitenovecientos.com\/#\/schema\/logo\/image\/","url":"https:\/\/www.aceitenovecientos.com\/wp-content\/uploads\/2021\/12\/logo900-head.webp","contentUrl":"https:\/\/www.aceitenovecientos.com\/wp-content\/uploads\/2021\/12\/logo900-head.webp","width":470,"height":110,"caption":"Aceite Novecientos"},"image":{"@id":"https:\/\/www.aceitenovecientos.com\/#\/schema\/logo\/image\/"},"sameAs":["https:\/\/www.facebook.com\/aceitenovecientos\/"]}]}},"_links":{"self":[{"href":"https:\/\/www.aceitenovecientos.com\/en\/wp-json\/wp\/v2\/pages\/135","targetHints":{"allow":["GET"]}}],"collection":[{"href":"https:\/\/www.aceitenovecientos.com\/en\/wp-json\/wp\/v2\/pages"}],"about":[{"href":"https:\/\/www.aceitenovecientos.com\/en\/wp-json\/wp\/v2\/types\/page"}],"author":[{"embeddable":true,"href":"https:\/\/www.aceitenovecientos.com\/en\/wp-json\/wp\/v2\/users\/1"}],"replies":[{"embeddable":true,"href":"https:\/\/www.aceitenovecientos.com\/en\/wp-json\/wp\/v2\/comments?post=135"}],"version-history":[{"count":4,"href":"https:\/\/www.aceitenovecientos.com\/en\/wp-json\/wp\/v2\/pages\/135\/revisions"}],"predecessor-version":[{"id":1411,"href":"https:\/\/www.aceitenovecientos.com\/en\/wp-json\/wp\/v2\/pages\/135\/revisions\/1411"}],"wp:attachment":[{"href":"https:\/\/www.aceitenovecientos.com\/en\/wp-json\/wp\/v2\/media?parent=135"}],"curies":[{"name":"wp","href":"https:\/\/api.w.org\/{rel}","templated":true}]}}