{"id":1216,"date":"2018-04-05T08:15:13","date_gmt":"2018-04-05T08:15:13","guid":{"rendered":"https:\/\/www.aceitenovecientos.com\/?page_id=1216"},"modified":"2018-06-26T09:11:18","modified_gmt":"2018-06-26T09:11:18","slug":"900-jaleas-aove","status":"publish","type":"page","link":"https:\/\/www.aceitenovecientos.com\/en\/900-jaleas-aove\/","title":{"rendered":"Delicius 900"},"content":{"rendered":"<h2>Jaleas de Aceite de Oliva Virgen Extra<\/h2>\n<p>Ponemos a disposici\u00f3n de los cocineros\u00a0 m\u00e1s caseros un producto artesanal de alta calidad. Y lo que es m\u00e1s, de un acompa\u00f1ante ejemplar para hacer cada plato m\u00e1s intenso, apetitoso y atrayente. La gama de jaleas de aceite de oliva virgen extra\u00a0 que 900 te ofrece, har\u00e1n sentir \u00a0experiencias sensoriales \u00fanicas. Ya sea por su sabor, aroma o por la sensaci\u00f3n que deja en la boca tanto de paladar como buco. Cada bocado, un sentimiento.<\/p>\n<p>&nbsp;<\/p>\n<h3>Sabor y salud<\/h3>\n<p>\u00bfQu\u00e9 manera puede haber m\u00e1s deliciosa y original de alimentarse saludablemente? Adem\u00e1s de la degustaci\u00f3n por puro placer, le estas aportando a tu dieta todos los beneficios saludables de consumir AOVE por la gran cantidad de antioxidantes y otros componentes saludables.\u00a0 Adem\u00e1s, estos te ayudar\u00e1n a prevenir enfermedades cardiovasculares y a cuidar tu piel.\u00a0 Desde los m\u00e1s mayores hasta los m\u00e1s peque\u00f1os de la casa no podr\u00e1n resistirse a este delicioso y saludable producto.<\/p>\n<p>&nbsp;<\/p>\n<h3>Distintos sabores<\/h3>\n<p>Disfruta del aceite de oliva virgen extra de una manera original y sorprendente. Novecientos pone a tu disposici\u00f3n jaleas de AOVE con distintos sabores para que tengas la oportunidad de elegir tu favorito o de introducirlos en tus platos. Con las variedades: Original, chocolate puro, canela y naranja; tendr\u00e1s un amplio abanico de posibilidades. Tanto en las descripciones del producto como en nuestro blog podr\u00e1s consultar algunas de las mejores ideas.<\/p>","protected":false},"excerpt":{"rendered":"<p>Jaleas de Aceite de Oliva Virgen Extra Ponemos a disposici\u00f3n de los cocineros\u00a0 m\u00e1s caseros un producto artesanal de alta calidad. Y lo que es m\u00e1s, de un acompa\u00f1ante ejemplar para hacer cada plato m\u00e1s intenso, apetitoso y atrayente. La gama de jaleas de aceite de oliva virgen extra\u00a0 que 900 te ofrece, har\u00e1n sentir [&hellip;]<\/p>","protected":false},"author":1,"featured_media":0,"parent":0,"menu_order":0,"comment_status":"closed","ping_status":"closed","template":"","meta":{"footnotes":""},"class_list":["post-1216","page","type-page","status-publish","hentry"],"yoast_head":"<!-- This site is optimized with the Yoast SEO plugin v24.1 - https:\/\/yoast.com\/wordpress\/plugins\/seo\/ -->\n<title>Jaleas de aceite de oliva virgen extra 900. Original y con sabores.<\/title>\n<meta name=\"description\" content=\"Jaleas de aceite de oliva virgen extra: original, con chocolate, canela o naranja. Textura similar a la mermelada y con diferentes sabores y sensaciones.\" \/>\n<meta name=\"robots\" content=\"index, follow, max-snippet:-1, max-image-preview:large, max-video-preview:-1\" \/>\n<link rel=\"canonical\" href=\"https:\/\/www.aceitenovecientos.com\/en\/900-jaleas-aove\/\" \/>\n<meta property=\"og:locale\" content=\"en_GB\" \/>\n<meta property=\"og:type\" content=\"article\" \/>\n<meta property=\"og:title\" content=\"Jaleas de aceite de oliva virgen extra 900. Original y con sabores.\" \/>\n<meta property=\"og:description\" content=\"Jaleas de aceite de oliva virgen extra: original, con chocolate, canela o naranja. Textura similar a la mermelada y con diferentes sabores y sensaciones.\" \/>\n<meta property=\"og:url\" content=\"https:\/\/www.aceitenovecientos.com\/en\/900-jaleas-aove\/\" \/>\n<meta property=\"og:site_name\" content=\"Aceite Novecientos\" \/>\n<meta property=\"article:publisher\" content=\"https:\/\/www.facebook.com\/aceitenovecientos\/\" \/>\n<meta property=\"article:modified_time\" content=\"2018-06-26T09:11:18+00:00\" \/>\n<meta name=\"twitter:card\" content=\"summary_large_image\" \/>\n<meta name=\"twitter:label1\" content=\"Estimated reading time\" \/>\n\t<meta name=\"twitter:data1\" content=\"1 minute\" \/>\n<script type=\"application\/ld+json\" class=\"yoast-schema-graph\">{\"@context\":\"https:\/\/schema.org\",\"@graph\":[{\"@type\":\"WebPage\",\"@id\":\"https:\/\/www.aceitenovecientos.com\/900-jaleas-aove\/\",\"url\":\"https:\/\/www.aceitenovecientos.com\/900-jaleas-aove\/\",\"name\":\"Jaleas de aceite de oliva virgen extra 900. Original y con sabores.\",\"isPartOf\":{\"@id\":\"https:\/\/www.aceitenovecientos.com\/#website\"},\"datePublished\":\"2018-04-05T08:15:13+00:00\",\"dateModified\":\"2018-06-26T09:11:18+00:00\",\"description\":\"Jaleas de aceite de oliva virgen extra: original, con chocolate, canela o naranja. Textura similar a la mermelada y con diferentes sabores y sensaciones.\",\"breadcrumb\":{\"@id\":\"https:\/\/www.aceitenovecientos.com\/900-jaleas-aove\/#breadcrumb\"},\"inLanguage\":\"en-GB\",\"potentialAction\":[{\"@type\":\"ReadAction\",\"target\":[\"https:\/\/www.aceitenovecientos.com\/900-jaleas-aove\/\"]}]},{\"@type\":\"BreadcrumbList\",\"@id\":\"https:\/\/www.aceitenovecientos.com\/900-jaleas-aove\/#breadcrumb\",\"itemListElement\":[{\"@type\":\"ListItem\",\"position\":1,\"name\":\"Portada\",\"item\":\"https:\/\/www.aceitenovecientos.com\/\"},{\"@type\":\"ListItem\",\"position\":2,\"name\":\"Delicius 900\"}]},{\"@type\":\"WebSite\",\"@id\":\"https:\/\/www.aceitenovecientos.com\/#website\",\"url\":\"https:\/\/www.aceitenovecientos.com\/\",\"name\":\"Aceite Novecientos\",\"description\":\"Aceite de Oliva de Ja\u00e9n\",\"publisher\":{\"@id\":\"https:\/\/www.aceitenovecientos.com\/#organization\"},\"potentialAction\":[{\"@type\":\"SearchAction\",\"target\":{\"@type\":\"EntryPoint\",\"urlTemplate\":\"https:\/\/www.aceitenovecientos.com\/?s={search_term_string}\"},\"query-input\":{\"@type\":\"PropertyValueSpecification\",\"valueRequired\":true,\"valueName\":\"search_term_string\"}}],\"inLanguage\":\"en-GB\"},{\"@type\":\"Organization\",\"@id\":\"https:\/\/www.aceitenovecientos.com\/#organization\",\"name\":\"Aceite Novecientos\",\"url\":\"https:\/\/www.aceitenovecientos.com\/\",\"logo\":{\"@type\":\"ImageObject\",\"inLanguage\":\"en-GB\",\"@id\":\"https:\/\/www.aceitenovecientos.com\/#\/schema\/logo\/image\/\",\"url\":\"https:\/\/www.aceitenovecientos.com\/wp-content\/uploads\/2021\/12\/logo900-head.webp\",\"contentUrl\":\"https:\/\/www.aceitenovecientos.com\/wp-content\/uploads\/2021\/12\/logo900-head.webp\",\"width\":470,\"height\":110,\"caption\":\"Aceite Novecientos\"},\"image\":{\"@id\":\"https:\/\/www.aceitenovecientos.com\/#\/schema\/logo\/image\/\"},\"sameAs\":[\"https:\/\/www.facebook.com\/aceitenovecientos\/\"]}]}<\/script>\n<!-- \/ Yoast SEO plugin. -->","yoast_head_json":{"title":"Jaleas de aceite de oliva virgen extra 900. Original y con sabores.","description":"Jaleas de aceite de oliva virgen extra: original, con chocolate, canela o naranja. Textura similar a la mermelada y con diferentes sabores y sensaciones.","robots":{"index":"index","follow":"follow","max-snippet":"max-snippet:-1","max-image-preview":"max-image-preview:large","max-video-preview":"max-video-preview:-1"},"canonical":"https:\/\/www.aceitenovecientos.com\/en\/900-jaleas-aove\/","og_locale":"en_GB","og_type":"article","og_title":"Jaleas de aceite de oliva virgen extra 900. Original y con sabores.","og_description":"Jaleas de aceite de oliva virgen extra: original, con chocolate, canela o naranja. Textura similar a la mermelada y con diferentes sabores y sensaciones.","og_url":"https:\/\/www.aceitenovecientos.com\/en\/900-jaleas-aove\/","og_site_name":"Aceite Novecientos","article_publisher":"https:\/\/www.facebook.com\/aceitenovecientos\/","article_modified_time":"2018-06-26T09:11:18+00:00","twitter_card":"summary_large_image","twitter_misc":{"Estimated reading time":"1 minute"},"schema":{"@context":"https:\/\/schema.org","@graph":[{"@type":"WebPage","@id":"https:\/\/www.aceitenovecientos.com\/900-jaleas-aove\/","url":"https:\/\/www.aceitenovecientos.com\/900-jaleas-aove\/","name":"Jaleas de aceite de oliva virgen extra 900. Original y con sabores.","isPartOf":{"@id":"https:\/\/www.aceitenovecientos.com\/#website"},"datePublished":"2018-04-05T08:15:13+00:00","dateModified":"2018-06-26T09:11:18+00:00","description":"Jaleas de aceite de oliva virgen extra: original, con chocolate, canela o naranja. Textura similar a la mermelada y con diferentes sabores y sensaciones.","breadcrumb":{"@id":"https:\/\/www.aceitenovecientos.com\/900-jaleas-aove\/#breadcrumb"},"inLanguage":"en-GB","potentialAction":[{"@type":"ReadAction","target":["https:\/\/www.aceitenovecientos.com\/900-jaleas-aove\/"]}]},{"@type":"BreadcrumbList","@id":"https:\/\/www.aceitenovecientos.com\/900-jaleas-aove\/#breadcrumb","itemListElement":[{"@type":"ListItem","position":1,"name":"Portada","item":"https:\/\/www.aceitenovecientos.com\/"},{"@type":"ListItem","position":2,"name":"Delicius 900"}]},{"@type":"WebSite","@id":"https:\/\/www.aceitenovecientos.com\/#website","url":"https:\/\/www.aceitenovecientos.com\/","name":"Aceite Novecientos","description":"Aceite de Oliva de Ja\u00e9n","publisher":{"@id":"https:\/\/www.aceitenovecientos.com\/#organization"},"potentialAction":[{"@type":"SearchAction","target":{"@type":"EntryPoint","urlTemplate":"https:\/\/www.aceitenovecientos.com\/?s={search_term_string}"},"query-input":{"@type":"PropertyValueSpecification","valueRequired":true,"valueName":"search_term_string"}}],"inLanguage":"en-GB"},{"@type":"Organization","@id":"https:\/\/www.aceitenovecientos.com\/#organization","name":"Aceite Novecientos","url":"https:\/\/www.aceitenovecientos.com\/","logo":{"@type":"ImageObject","inLanguage":"en-GB","@id":"https:\/\/www.aceitenovecientos.com\/#\/schema\/logo\/image\/","url":"https:\/\/www.aceitenovecientos.com\/wp-content\/uploads\/2021\/12\/logo900-head.webp","contentUrl":"https:\/\/www.aceitenovecientos.com\/wp-content\/uploads\/2021\/12\/logo900-head.webp","width":470,"height":110,"caption":"Aceite Novecientos"},"image":{"@id":"https:\/\/www.aceitenovecientos.com\/#\/schema\/logo\/image\/"},"sameAs":["https:\/\/www.facebook.com\/aceitenovecientos\/"]}]}},"_links":{"self":[{"href":"https:\/\/www.aceitenovecientos.com\/en\/wp-json\/wp\/v2\/pages\/1216","targetHints":{"allow":["GET"]}}],"collection":[{"href":"https:\/\/www.aceitenovecientos.com\/en\/wp-json\/wp\/v2\/pages"}],"about":[{"href":"https:\/\/www.aceitenovecientos.com\/en\/wp-json\/wp\/v2\/types\/page"}],"author":[{"embeddable":true,"href":"https:\/\/www.aceitenovecientos.com\/en\/wp-json\/wp\/v2\/users\/1"}],"replies":[{"embeddable":true,"href":"https:\/\/www.aceitenovecientos.com\/en\/wp-json\/wp\/v2\/comments?post=1216"}],"version-history":[{"count":8,"href":"https:\/\/www.aceitenovecientos.com\/en\/wp-json\/wp\/v2\/pages\/1216\/revisions"}],"predecessor-version":[{"id":1400,"href":"https:\/\/www.aceitenovecientos.com\/en\/wp-json\/wp\/v2\/pages\/1216\/revisions\/1400"}],"wp:attachment":[{"href":"https:\/\/www.aceitenovecientos.com\/en\/wp-json\/wp\/v2\/media?parent=1216"}],"curies":[{"name":"wp","href":"https:\/\/api.w.org\/{rel}","templated":true}]}}